{"id":977,"date":"2019-08-31T00:09:43","date_gmt":"2019-08-30T22:09:43","guid":{"rendered":"https:\/\/identi.pl\/?page_id=977"},"modified":"2020-07-07T18:14:51","modified_gmt":"2020-07-07T16:14:51","slug":"fest-festival-2019","status":"publish","type":"page","link":"https:\/\/identi.pl\/en\/nasze-realizacje\/fest-festival-2019\/","title":{"rendered":"FEST Festival 2019"},"content":{"rendered":"\n<div class=\"wp-block-image\"><figure class=\"alignright is-resized\"><img loading=\"lazy\" src=\"https:\/\/identi.pl\/wp-content\/uploads\/2019\/08\/z24680398QFest-Festival-2019.jpg\" alt=\"FEST Festival 2019\" class=\"wp-image-978\" width=\"155\" height=\"207\" srcset=\"https:\/\/identi.pl\/wp-content\/uploads\/2019\/08\/z24680398QFest-Festival-2019.jpg 620w, https:\/\/identi.pl\/wp-content\/uploads\/2019\/08\/z24680398QFest-Festival-2019-225x300.jpg 225w\" sizes=\"(max-width: 155px) 100vw, 155px\" \/><\/figure><\/div>\n\n\n\n<p>In August 2019 in <a aria-label=\"Parku \u015al\u0105skiego (otwiera si\u0119 na nowej zak\u0142adce)\" rel=\"noreferrer noopener\" href=\"http:\/\/www.parkslaski.pl\/\" target=\"_blank\">Silesian Park<\/a>, which is over 535 ha large, the first edition of the <a aria-label=\"Fest Festival (otwiera si\u0119 na nowej zak\u0142adce)\" rel=\"noreferrer noopener\" href=\"https:\/\/www.festfestival.pl\/\" target=\"_blank\">Fest Festival<\/a> was held. The musical celebration began on Monday, August 23 and lasted until the end of the weekend. Silesia became a home to a real festival town, where guest could have fun and and spend time with their friends without having to leave the festival site. In the words of the organizers &#8211; We were able to show that a music festival is more than stages and artists. It is a time when we go into another world and escape our everyday activities to live in the moment and enjoy spending time with fantastic people. <br><br><\/p>\n\n\n\n<p>For the FEST Festival we created two Accreditation Centers. A separate office for the media only and a main Accreditation Center for Artists,<br>Vendors, Promoters, Volunteers and of course, the entire Staff<br>and Organizers. Each group had a different badge color. For 5 days,<br>our offices were open from 7:00 a.m. even until midnight and we made over 2100 badges.<\/p>\n\n\n\n<p><\/p>\n\n\n\n<figure class=\"wp-block-video aligncenter\"><video autoplay controls loop muted src=\"https:\/\/identi.pl\/wp-content\/uploads\/2019\/08\/Fest-2019-2.mp4\"><\/video><\/figure>\n\n\n\nngg_shortcode_0_placeholder\n","protected":false},"excerpt":{"rendered":"<p>In August 2019 in Silesian Park, which is over 535 ha large, the first edition of the Fest Festival was held. The musical celebration began on Monday, August 23 and lasted until the end of the weekend. Silesia became a home to a real festival town, where guest could have fun and and spend time [&hellip;]<\/p>\n","protected":false},"author":1,"featured_media":0,"parent":9,"menu_order":0,"comment_status":"closed","ping_status":"closed","template":"","meta":{"ngg_post_thumbnail":0},"translation":{"provider":"WPGlobus","version":"3.0.1","language":"en","enabled_languages":["pl","en"],"languages":{"pl":{"title":true,"content":true,"excerpt":false},"en":{"title":false,"content":true,"excerpt":false}}},"acf":[],"yoast_head":"<!-- This site is optimized with the Yoast SEO plugin v20.6 - https:\/\/yoast.com\/wordpress\/plugins\/seo\/ -->\n<title>FEST Festival 2019 &bull; IDENTI Accreditation System<\/title>\n<meta name=\"robots\" content=\"index, follow, max-snippet:-1, max-image-preview:large, max-video-preview:-1\" \/>\n<link rel=\"canonical\" href=\"https:\/\/identi.pl\/nasze-realizacje\/fest-festival-2019\/\" \/>\n<meta property=\"og:locale\" content=\"en_US\" \/>\n<meta property=\"og:type\" content=\"article\" \/>\n<meta property=\"og:title\" content=\"FEST Festival 2019 &bull; IDENTI Accreditation System\" \/>\n<meta property=\"og:url\" content=\"https:\/\/identi.pl\/nasze-realizacje\/fest-festival-2019\/\" \/>\n<meta property=\"og:site_name\" content=\"IDENTI Accreditation System\" \/>\n<meta property=\"article:publisher\" content=\"https:\/\/www.facebook.com\/IdentiPL\/\" \/>\n<meta property=\"article:modified_time\" content=\"2020-07-07T16:14:51+00:00\" \/>\n<meta property=\"og:image\" content=\"https:\/\/identi.pl\/wp-content\/uploads\/2019\/08\/z24680398QFest-Festival-2019.jpg\" \/>\n<meta name=\"twitter:card\" content=\"summary_large_image\" \/>\n<meta name=\"twitter:label1\" content=\"Est. reading time\" \/>\n\t<meta name=\"twitter:data1\" content=\"2 minutes\" \/>\n<script type=\"application\/ld+json\" class=\"yoast-schema-graph\">{\"@context\":\"https:\/\/schema.org\",\"@graph\":[{\"@type\":\"WebPage\",\"@id\":\"https:\/\/identi.pl\/nasze-realizacje\/fest-festival-2019\/\",\"url\":\"https:\/\/identi.pl\/nasze-realizacje\/fest-festival-2019\/\",\"name\":\"FEST Festival 2019 &bull; IDENTI Accreditation System\",\"isPartOf\":{\"@id\":\"https:\/\/identi.pl\/#website\"},\"datePublished\":\"2019-08-30T22:09:43+00:00\",\"dateModified\":\"2020-07-07T16:14:51+00:00\",\"description\":\"Na FEST Festivalu stworzyli\u015bmy dwa biura akredytacji. Dla samych medi\u00f3w i g\u0142\u00f3wn\u0105 identyfikatorownie dla Artyst\u00f3w, Vendor\u00f3w, Wolontariuszy, Obs\u0142ugi i Organizator\u00f3w.\",\"breadcrumb\":{\"@id\":\"https:\/\/identi.pl\/nasze-realizacje\/fest-festival-2019\/#breadcrumb\"},\"inLanguage\":\"en-US\",\"potentialAction\":[{\"@type\":\"ReadAction\",\"target\":[\"https:\/\/identi.pl\/nasze-realizacje\/fest-festival-2019\/\"]}]},{\"@type\":\"BreadcrumbList\",\"@id\":\"https:\/\/identi.pl\/nasze-realizacje\/fest-festival-2019\/#breadcrumb\",\"itemListElement\":[{\"@type\":\"ListItem\",\"position\":1,\"name\":\"Home\",\"item\":\"https:\/\/identi.pl\/\"},{\"@type\":\"ListItem\",\"position\":2,\"name\":\"Nasze realizacje\",\"item\":\"https:\/\/identi.pl\/nasze-realizacje\/\"},{\"@type\":\"ListItem\",\"position\":3,\"name\":\"FEST Festival 2019\"}]},{\"@type\":\"WebSite\",\"@id\":\"https:\/\/identi.pl\/#website\",\"url\":\"https:\/\/identi.pl\/\",\"name\":\"IDENTI Accreditation System\",\"description\":\"Badges for events, A6 badges with photos, Accreditation Center for mass events; Photo badges production during mass events. Personal data protection of accredited people; GDPR\",\"publisher\":{\"@id\":\"https:\/\/identi.pl\/#organization\"},\"potentialAction\":[{\"@type\":\"SearchAction\",\"target\":{\"@type\":\"EntryPoint\",\"urlTemplate\":\"https:\/\/identi.pl\/?s={search_term_string}\"},\"query-input\":\"required name=search_term_string\"}],\"inLanguage\":\"en-US\"},{\"@type\":\"Organization\",\"@id\":\"https:\/\/identi.pl\/#organization\",\"name\":\"IDENTI Accreditation System\",\"url\":\"https:\/\/identi.pl\/\",\"logo\":{\"@type\":\"ImageObject\",\"inLanguage\":\"en-US\",\"@id\":\"https:\/\/identi.pl\/#\/schema\/logo\/image\/\",\"url\":\"https:\/\/identi.pl\/wp-content\/uploads\/2019\/07\/Logo-z-opisem.png\",\"contentUrl\":\"https:\/\/identi.pl\/wp-content\/uploads\/2019\/07\/Logo-z-opisem.png\",\"width\":713,\"height\":368,\"caption\":\"IDENTI Accreditation System\"},\"image\":{\"@id\":\"https:\/\/identi.pl\/#\/schema\/logo\/image\/\"},\"sameAs\":[\"https:\/\/www.facebook.com\/IdentiPL\/\"]}]}<\/script>\n<!-- \/ Yoast SEO plugin. -->","yoast_head_json":{"title":"FEST Festival 2019 &bull; IDENTI Accreditation System","robots":{"index":"index","follow":"follow","max-snippet":"max-snippet:-1","max-image-preview":"max-image-preview:large","max-video-preview":"max-video-preview:-1"},"canonical":"https:\/\/identi.pl\/nasze-realizacje\/fest-festival-2019\/","og_locale":"en_US","og_type":"article","og_title":"FEST Festival 2019 &bull; IDENTI Accreditation System","og_url":"https:\/\/identi.pl\/nasze-realizacje\/fest-festival-2019\/","og_site_name":"IDENTI Accreditation System","article_publisher":"https:\/\/www.facebook.com\/IdentiPL\/","article_modified_time":"2020-07-07T16:14:51+00:00","og_image":[{"url":"https:\/\/identi.pl\/wp-content\/uploads\/2019\/08\/z24680398QFest-Festival-2019.jpg"}],"twitter_card":"summary_large_image","twitter_misc":{"Est. reading time":"2 minutes"},"schema":{"@context":"https:\/\/schema.org","@graph":[{"@type":"WebPage","@id":"https:\/\/identi.pl\/nasze-realizacje\/fest-festival-2019\/","url":"https:\/\/identi.pl\/nasze-realizacje\/fest-festival-2019\/","name":"FEST Festival 2019 &bull; IDENTI Accreditation System","isPartOf":{"@id":"https:\/\/identi.pl\/#website"},"datePublished":"2019-08-30T22:09:43+00:00","dateModified":"2020-07-07T16:14:51+00:00","description":"Na FEST Festivalu stworzyli\u015bmy dwa biura akredytacji. Dla samych medi\u00f3w i g\u0142\u00f3wn\u0105 identyfikatorownie dla Artyst\u00f3w, Vendor\u00f3w, Wolontariuszy, Obs\u0142ugi i Organizator\u00f3w.","breadcrumb":{"@id":"https:\/\/identi.pl\/nasze-realizacje\/fest-festival-2019\/#breadcrumb"},"inLanguage":"en-US","potentialAction":[{"@type":"ReadAction","target":["https:\/\/identi.pl\/nasze-realizacje\/fest-festival-2019\/"]}]},{"@type":"BreadcrumbList","@id":"https:\/\/identi.pl\/nasze-realizacje\/fest-festival-2019\/#breadcrumb","itemListElement":[{"@type":"ListItem","position":1,"name":"Home","item":"https:\/\/identi.pl\/"},{"@type":"ListItem","position":2,"name":"Nasze realizacje","item":"https:\/\/identi.pl\/nasze-realizacje\/"},{"@type":"ListItem","position":3,"name":"FEST Festival 2019"}]},{"@type":"WebSite","@id":"https:\/\/identi.pl\/#website","url":"https:\/\/identi.pl\/","name":"IDENTI Accreditation System","description":"Badges for events, A6 badges with photos, Accreditation Center for mass events; Photo badges production during mass events. Personal data protection of accredited people; GDPR","publisher":{"@id":"https:\/\/identi.pl\/#organization"},"potentialAction":[{"@type":"SearchAction","target":{"@type":"EntryPoint","urlTemplate":"https:\/\/identi.pl\/?s={search_term_string}"},"query-input":"required name=search_term_string"}],"inLanguage":"en-US"},{"@type":"Organization","@id":"https:\/\/identi.pl\/#organization","name":"IDENTI Accreditation System","url":"https:\/\/identi.pl\/","logo":{"@type":"ImageObject","inLanguage":"en-US","@id":"https:\/\/identi.pl\/#\/schema\/logo\/image\/","url":"https:\/\/identi.pl\/wp-content\/uploads\/2019\/07\/Logo-z-opisem.png","contentUrl":"https:\/\/identi.pl\/wp-content\/uploads\/2019\/07\/Logo-z-opisem.png","width":713,"height":368,"caption":"IDENTI Accreditation System"},"image":{"@id":"https:\/\/identi.pl\/#\/schema\/logo\/image\/"},"sameAs":["https:\/\/www.facebook.com\/IdentiPL\/"]}]}},"_links":{"self":[{"href":"https:\/\/identi.pl\/en\/wp-json\/wp\/v2\/pages\/977"}],"collection":[{"href":"https:\/\/identi.pl\/en\/wp-json\/wp\/v2\/pages"}],"about":[{"href":"https:\/\/identi.pl\/en\/wp-json\/wp\/v2\/types\/page"}],"author":[{"embeddable":true,"href":"https:\/\/identi.pl\/en\/wp-json\/wp\/v2\/users\/1"}],"replies":[{"embeddable":true,"href":"https:\/\/identi.pl\/en\/wp-json\/wp\/v2\/comments?post=977"}],"version-history":[{"count":8,"href":"https:\/\/identi.pl\/en\/wp-json\/wp\/v2\/pages\/977\/revisions"}],"predecessor-version":[{"id":1740,"href":"https:\/\/identi.pl\/en\/wp-json\/wp\/v2\/pages\/977\/revisions\/1740"}],"up":[{"embeddable":true,"href":"https:\/\/identi.pl\/en\/wp-json\/wp\/v2\/pages\/9"}],"wp:attachment":[{"href":"https:\/\/identi.pl\/en\/wp-json\/wp\/v2\/media?parent=977"}],"curies":[{"name":"wp","href":"https:\/\/api.w.org\/{rel}","templated":true}]}}