{"id":949,"date":"2019-08-30T22:44:44","date_gmt":"2019-08-30T20:44:44","guid":{"rendered":"https:\/\/identi.pl\/?page_id=949"},"modified":"2020-07-07T17:55:54","modified_gmt":"2020-07-07T15:55:54","slug":"turniej-kwalifikacyjny-do-mistrzostw-olimpijskich-tokio-2020","status":"publish","type":"page","link":"https:\/\/identi.pl\/en\/nasze-realizacje\/turniej-kwalifikacyjny-do-mistrzostw-olimpijskich-tokio-2020\/","title":{"rendered":"Tokyo Volleyball Qualification 2020"},"content":{"rendered":"\n<div class=\"wp-block-image\"><figure class=\"alignright\"><img loading=\"lazy\" width=\"450\" height=\"254\" src=\"https:\/\/identi.pl\/wp-content\/uploads\/2019\/08\/23340141.jpg\" alt=\"Qualification for the Olympics\" class=\"wp-image-951\" srcset=\"https:\/\/identi.pl\/wp-content\/uploads\/2019\/08\/23340141.jpg 450w, https:\/\/identi.pl\/wp-content\/uploads\/2019\/08\/23340141-300x169.jpg 300w\" sizes=\"(max-width: 450px) 100vw, 450px\" \/><\/figure><\/div>\n\n\n\n<p>Qualification for the 2020 Tokyo Olympics was an event organized by the <a aria-label=\" (otwiera si\u0119 na nowej zak\u0142adce)\" rel=\"noreferrer noopener\" href=\"https:\/\/www.pzps.pl\/pl\/\" target=\"_blank\">Polish Volleyball Federation<\/a>. The games took place at the <a aria-label=\"Hali Orbita (otwiera si\u0119 na nowej zak\u0142adce)\" rel=\"noreferrer noopener\" href=\"http:\/\/halaorbita.spartan.wroc.pl\/\" target=\"_blank\">Orbita Hall<\/a> in Wroc\u0142aw and <a aria-label=\"Ergo Arena (otwiera si\u0119 na nowej zak\u0142adce)\" href=\"http:\/\/ergoarena.pl\/\" target=\"_blank\" rel=\"noreferrer noopener\">Ergo Arena<\/a> in Gda\u0144sk. <\/p>\n\n\n\nngg_shortcode_0_placeholder\n","protected":false},"excerpt":{"rendered":"<p>Qualification for the 2020 Tokyo Olympics was an event organized by the Polish Volleyball Federation. The games took place at the Orbita Hall in Wroc\u0142aw and Ergo Arena in Gda\u0144sk.<\/p>\n","protected":false},"author":1,"featured_media":0,"parent":9,"menu_order":0,"comment_status":"closed","ping_status":"closed","template":"","meta":{"ngg_post_thumbnail":0},"translation":{"provider":"WPGlobus","version":"3.0.1","language":"en","enabled_languages":["pl","en"],"languages":{"pl":{"title":true,"content":true,"excerpt":false},"en":{"title":true,"content":true,"excerpt":false}}},"acf":[],"yoast_head":"<!-- This site is optimized with the Yoast SEO plugin v20.6 - https:\/\/yoast.com\/wordpress\/plugins\/seo\/ -->\n<title>Tokyo Volleyball Qualification 2020 &bull; IDENTI Accreditation System<\/title>\n<meta name=\"robots\" content=\"index, follow, max-snippet:-1, max-image-preview:large, max-video-preview:-1\" \/>\n<link rel=\"canonical\" href=\"https:\/\/identi.pl\/nasze-realizacje\/turniej-kwalifikacyjny-do-mistrzostw-olimpijskich-tokio-2020\/\" \/>\n<meta property=\"og:locale\" content=\"en_US\" \/>\n<meta property=\"og:type\" content=\"article\" \/>\n<meta property=\"og:title\" content=\"Tokyo Volleyball Qualification 2020 &bull; IDENTI Accreditation System\" \/>\n<meta property=\"og:url\" content=\"https:\/\/identi.pl\/nasze-realizacje\/turniej-kwalifikacyjny-do-mistrzostw-olimpijskich-tokio-2020\/\" \/>\n<meta property=\"og:site_name\" content=\"IDENTI Accreditation System\" \/>\n<meta property=\"article:publisher\" content=\"https:\/\/www.facebook.com\/IdentiPL\/\" \/>\n<meta property=\"article:modified_time\" content=\"2020-07-07T15:55:54+00:00\" \/>\n<meta property=\"og:image\" content=\"https:\/\/identi.pl\/wp-content\/uploads\/2019\/08\/23340141.jpg\" \/>\n<meta name=\"twitter:card\" content=\"summary_large_image\" \/>\n<script type=\"application\/ld+json\" class=\"yoast-schema-graph\">{\"@context\":\"https:\/\/schema.org\",\"@graph\":[{\"@type\":\"WebPage\",\"@id\":\"https:\/\/identi.pl\/nasze-realizacje\/turniej-kwalifikacyjny-do-mistrzostw-olimpijskich-tokio-2020\/\",\"url\":\"https:\/\/identi.pl\/nasze-realizacje\/turniej-kwalifikacyjny-do-mistrzostw-olimpijskich-tokio-2020\/\",\"name\":\"Tokyo Volleyball Qualification 2020 &bull; IDENTI Accreditation System\",\"isPartOf\":{\"@id\":\"https:\/\/identi.pl\/#website\"},\"datePublished\":\"2019-08-30T20:44:44+00:00\",\"dateModified\":\"2020-07-07T15:55:54+00:00\",\"description\":\"Turniej Kwalifikacyjny do Igrzysk Olimpijskich Tokio 2020 to wydarzenie, organizowane przez PZPS. Spotkania odbywa\u0142y si\u0119 w Hali Orbita we Wroc\u0142awiu oraz Ergo Arena w Gda\u0144sku.\",\"breadcrumb\":{\"@id\":\"https:\/\/identi.pl\/nasze-realizacje\/turniej-kwalifikacyjny-do-mistrzostw-olimpijskich-tokio-2020\/#breadcrumb\"},\"inLanguage\":\"en-US\",\"potentialAction\":[{\"@type\":\"ReadAction\",\"target\":[\"https:\/\/identi.pl\/nasze-realizacje\/turniej-kwalifikacyjny-do-mistrzostw-olimpijskich-tokio-2020\/\"]}]},{\"@type\":\"BreadcrumbList\",\"@id\":\"https:\/\/identi.pl\/nasze-realizacje\/turniej-kwalifikacyjny-do-mistrzostw-olimpijskich-tokio-2020\/#breadcrumb\",\"itemListElement\":[{\"@type\":\"ListItem\",\"position\":1,\"name\":\"Home\",\"item\":\"https:\/\/identi.pl\/\"},{\"@type\":\"ListItem\",\"position\":2,\"name\":\"Nasze realizacje\",\"item\":\"https:\/\/identi.pl\/nasze-realizacje\/\"},{\"@type\":\"ListItem\",\"position\":3,\"name\":\"Turniej Kwalifikacyjny do Mistrzostw Olimpijskich Tokio 2020\"}]},{\"@type\":\"WebSite\",\"@id\":\"https:\/\/identi.pl\/#website\",\"url\":\"https:\/\/identi.pl\/\",\"name\":\"IDENTI Accreditation System\",\"description\":\"Badges for events, A6 badges with photos, Accreditation Center for mass events; Photo badges production during mass events. Personal data protection of accredited people; GDPR\",\"publisher\":{\"@id\":\"https:\/\/identi.pl\/#organization\"},\"potentialAction\":[{\"@type\":\"SearchAction\",\"target\":{\"@type\":\"EntryPoint\",\"urlTemplate\":\"https:\/\/identi.pl\/?s={search_term_string}\"},\"query-input\":\"required name=search_term_string\"}],\"inLanguage\":\"en-US\"},{\"@type\":\"Organization\",\"@id\":\"https:\/\/identi.pl\/#organization\",\"name\":\"IDENTI Accreditation System\",\"url\":\"https:\/\/identi.pl\/\",\"logo\":{\"@type\":\"ImageObject\",\"inLanguage\":\"en-US\",\"@id\":\"https:\/\/identi.pl\/#\/schema\/logo\/image\/\",\"url\":\"https:\/\/identi.pl\/wp-content\/uploads\/2019\/07\/Logo-z-opisem.png\",\"contentUrl\":\"https:\/\/identi.pl\/wp-content\/uploads\/2019\/07\/Logo-z-opisem.png\",\"width\":713,\"height\":368,\"caption\":\"IDENTI Accreditation System\"},\"image\":{\"@id\":\"https:\/\/identi.pl\/#\/schema\/logo\/image\/\"},\"sameAs\":[\"https:\/\/www.facebook.com\/IdentiPL\/\"]}]}<\/script>\n<!-- \/ Yoast SEO plugin. -->","yoast_head_json":{"title":"Tokyo Volleyball Qualification 2020 &bull; IDENTI Accreditation System","robots":{"index":"index","follow":"follow","max-snippet":"max-snippet:-1","max-image-preview":"max-image-preview:large","max-video-preview":"max-video-preview:-1"},"canonical":"https:\/\/identi.pl\/nasze-realizacje\/turniej-kwalifikacyjny-do-mistrzostw-olimpijskich-tokio-2020\/","og_locale":"en_US","og_type":"article","og_title":"Tokyo Volleyball Qualification 2020 &bull; IDENTI Accreditation System","og_url":"https:\/\/identi.pl\/nasze-realizacje\/turniej-kwalifikacyjny-do-mistrzostw-olimpijskich-tokio-2020\/","og_site_name":"IDENTI Accreditation System","article_publisher":"https:\/\/www.facebook.com\/IdentiPL\/","article_modified_time":"2020-07-07T15:55:54+00:00","og_image":[{"url":"https:\/\/identi.pl\/wp-content\/uploads\/2019\/08\/23340141.jpg"}],"twitter_card":"summary_large_image","schema":{"@context":"https:\/\/schema.org","@graph":[{"@type":"WebPage","@id":"https:\/\/identi.pl\/nasze-realizacje\/turniej-kwalifikacyjny-do-mistrzostw-olimpijskich-tokio-2020\/","url":"https:\/\/identi.pl\/nasze-realizacje\/turniej-kwalifikacyjny-do-mistrzostw-olimpijskich-tokio-2020\/","name":"Tokyo Volleyball Qualification 2020 &bull; IDENTI Accreditation System","isPartOf":{"@id":"https:\/\/identi.pl\/#website"},"datePublished":"2019-08-30T20:44:44+00:00","dateModified":"2020-07-07T15:55:54+00:00","description":"Turniej Kwalifikacyjny do Igrzysk Olimpijskich Tokio 2020 to wydarzenie, organizowane przez PZPS. Spotkania odbywa\u0142y si\u0119 w Hali Orbita we Wroc\u0142awiu oraz Ergo Arena w Gda\u0144sku.","breadcrumb":{"@id":"https:\/\/identi.pl\/nasze-realizacje\/turniej-kwalifikacyjny-do-mistrzostw-olimpijskich-tokio-2020\/#breadcrumb"},"inLanguage":"en-US","potentialAction":[{"@type":"ReadAction","target":["https:\/\/identi.pl\/nasze-realizacje\/turniej-kwalifikacyjny-do-mistrzostw-olimpijskich-tokio-2020\/"]}]},{"@type":"BreadcrumbList","@id":"https:\/\/identi.pl\/nasze-realizacje\/turniej-kwalifikacyjny-do-mistrzostw-olimpijskich-tokio-2020\/#breadcrumb","itemListElement":[{"@type":"ListItem","position":1,"name":"Home","item":"https:\/\/identi.pl\/"},{"@type":"ListItem","position":2,"name":"Nasze realizacje","item":"https:\/\/identi.pl\/nasze-realizacje\/"},{"@type":"ListItem","position":3,"name":"Turniej Kwalifikacyjny do Mistrzostw Olimpijskich Tokio 2020"}]},{"@type":"WebSite","@id":"https:\/\/identi.pl\/#website","url":"https:\/\/identi.pl\/","name":"IDENTI Accreditation System","description":"Badges for events, A6 badges with photos, Accreditation Center for mass events; Photo badges production during mass events. Personal data protection of accredited people; GDPR","publisher":{"@id":"https:\/\/identi.pl\/#organization"},"potentialAction":[{"@type":"SearchAction","target":{"@type":"EntryPoint","urlTemplate":"https:\/\/identi.pl\/?s={search_term_string}"},"query-input":"required name=search_term_string"}],"inLanguage":"en-US"},{"@type":"Organization","@id":"https:\/\/identi.pl\/#organization","name":"IDENTI Accreditation System","url":"https:\/\/identi.pl\/","logo":{"@type":"ImageObject","inLanguage":"en-US","@id":"https:\/\/identi.pl\/#\/schema\/logo\/image\/","url":"https:\/\/identi.pl\/wp-content\/uploads\/2019\/07\/Logo-z-opisem.png","contentUrl":"https:\/\/identi.pl\/wp-content\/uploads\/2019\/07\/Logo-z-opisem.png","width":713,"height":368,"caption":"IDENTI Accreditation System"},"image":{"@id":"https:\/\/identi.pl\/#\/schema\/logo\/image\/"},"sameAs":["https:\/\/www.facebook.com\/IdentiPL\/"]}]}},"_links":{"self":[{"href":"https:\/\/identi.pl\/en\/wp-json\/wp\/v2\/pages\/949"}],"collection":[{"href":"https:\/\/identi.pl\/en\/wp-json\/wp\/v2\/pages"}],"about":[{"href":"https:\/\/identi.pl\/en\/wp-json\/wp\/v2\/types\/page"}],"author":[{"embeddable":true,"href":"https:\/\/identi.pl\/en\/wp-json\/wp\/v2\/users\/1"}],"replies":[{"embeddable":true,"href":"https:\/\/identi.pl\/en\/wp-json\/wp\/v2\/comments?post=949"}],"version-history":[{"count":9,"href":"https:\/\/identi.pl\/en\/wp-json\/wp\/v2\/pages\/949\/revisions"}],"predecessor-version":[{"id":1727,"href":"https:\/\/identi.pl\/en\/wp-json\/wp\/v2\/pages\/949\/revisions\/1727"}],"up":[{"embeddable":true,"href":"https:\/\/identi.pl\/en\/wp-json\/wp\/v2\/pages\/9"}],"wp:attachment":[{"href":"https:\/\/identi.pl\/en\/wp-json\/wp\/v2\/media?parent=949"}],"curies":[{"name":"wp","href":"https:\/\/api.w.org\/{rel}","templated":true}]}}