{"id":644,"date":"2019-07-03T13:27:09","date_gmt":"2019-07-03T11:27:09","guid":{"rendered":"https:\/\/identi.pl\/nasze-realizacje\/beach-volleyball-world-tour\/"},"modified":"2020-07-07T18:08:39","modified_gmt":"2020-07-07T16:08:39","slug":"beach-volleyball-world-tour","status":"publish","type":"page","link":"https:\/\/identi.pl\/en\/nasze-realizacje\/beach-volleyball-world-tour\/","title":{"rendered":"Beach Volleyball World Tour"},"content":{"rendered":"\n<div class=\"wp-block-media-text alignwide has-media-on-the-right\" style=\"grid-template-columns:auto 13%\"><figure class=\"wp-block-media-text__media\"><img loading=\"lazy\" width=\"290\" height=\"132\" src=\"https:\/\/identi.pl\/wp-content\/uploads\/2019\/07\/FIVB_WT.jpg\" alt=\"Beach Volleyball World Tour\" class=\"wp-image-694\"\/><\/figure><div class=\"wp-block-media-text__content\">\n<p>Beach Volleyball <a href=\"http:\/\/worldtour.2018.fivb.com\/en\">World Tour<\/a>, the World Championships in Beach Volleyball, took place in Warsaw at the <a href=\"https:\/\/www.montaclub.com.pl\/\">Monta Beach Volley Club<\/a>. During the event, we printed about 700 badges with photos in A6 format. Additionally, we were backed by volunteers from the <a href=\"http:\/\/fps-org.pl\/\">Polish Volleyball Foundation<\/a>, the <a href=\"https:\/\/identi.pl\/en\/#zabudowa\">Accreditation Center<\/a> and the\u00a0<a href=\"https:\/\/identi.pl\/en\/system-akredytacyjny\/\">Accreditation System<\/a>  was held for the entire duration of the Championships. <\/p>\n<\/div><\/div>\n\n\nngg_shortcode_0_placeholder","protected":false},"excerpt":{"rendered":"<p>Beach Volleyball World Tour, the World Championships in Beach Volleyball, took place in Warsaw at the Monta Beach Volley Club. During the event, we printed about 700 badges with photos in A6 format. Additionally, we were backed by volunteers from the Polish Volleyball Foundation, the Accreditation Center and the\u00a0Accreditation System was held for the entire [&hellip;]<\/p>\n","protected":false},"author":1,"featured_media":0,"parent":9,"menu_order":0,"comment_status":"closed","ping_status":"closed","template":"","meta":{"ngg_post_thumbnail":0},"translation":{"provider":"WPGlobus","version":"3.0.1","language":"en","enabled_languages":["pl","en"],"languages":{"pl":{"title":true,"content":true,"excerpt":false},"en":{"title":true,"content":true,"excerpt":false}}},"acf":[],"yoast_head":"<!-- This site is optimized with the Yoast SEO plugin v20.6 - https:\/\/yoast.com\/wordpress\/plugins\/seo\/ -->\n<title>Beach Volleyball World Tour &bull; IDENTI Accreditation System<\/title>\n<meta name=\"robots\" content=\"index, follow, max-snippet:-1, max-image-preview:large, max-video-preview:-1\" \/>\n<link rel=\"canonical\" href=\"https:\/\/identi.pl\/nasze-realizacje\/beach-volleyball-world-tour\/\" \/>\n<meta property=\"og:locale\" content=\"en_US\" \/>\n<meta property=\"og:type\" content=\"article\" \/>\n<meta property=\"og:title\" content=\"Beach Volleyball World Tour &bull; IDENTI Accreditation System\" \/>\n<meta property=\"og:url\" content=\"https:\/\/identi.pl\/nasze-realizacje\/beach-volleyball-world-tour\/\" \/>\n<meta property=\"og:site_name\" content=\"IDENTI Accreditation System\" \/>\n<meta property=\"article:publisher\" content=\"https:\/\/www.facebook.com\/IdentiPL\/\" \/>\n<meta property=\"article:modified_time\" content=\"2020-07-07T16:08:39+00:00\" \/>\n<meta property=\"og:image\" content=\"https:\/\/identi.pl\/wp-content\/uploads\/2019\/07\/FIVB_WT.jpg\" \/>\n<meta name=\"twitter:card\" content=\"summary_large_image\" \/>\n<meta name=\"twitter:label1\" content=\"Est. reading time\" \/>\n\t<meta name=\"twitter:data1\" content=\"1 minute\" \/>\n<script type=\"application\/ld+json\" class=\"yoast-schema-graph\">{\"@context\":\"https:\/\/schema.org\",\"@graph\":[{\"@type\":\"WebPage\",\"@id\":\"https:\/\/identi.pl\/nasze-realizacje\/beach-volleyball-world-tour\/\",\"url\":\"https:\/\/identi.pl\/nasze-realizacje\/beach-volleyball-world-tour\/\",\"name\":\"Beach Volleyball World Tour &bull; IDENTI Accreditation System\",\"isPartOf\":{\"@id\":\"https:\/\/identi.pl\/#website\"},\"datePublished\":\"2019-07-03T11:27:09+00:00\",\"dateModified\":\"2020-07-07T16:08:39+00:00\",\"description\":\"Beach Volleyball World Tour, organizowane w Warszawie; Wyprodukowali\u015bmy oko\u0142o 700 identyfikator\u00f3w. Zpewnili\u015bmy Biuro Akredytacji prze ca\u0142y turniej.\",\"breadcrumb\":{\"@id\":\"https:\/\/identi.pl\/nasze-realizacje\/beach-volleyball-world-tour\/#breadcrumb\"},\"inLanguage\":\"en-US\",\"potentialAction\":[{\"@type\":\"ReadAction\",\"target\":[\"https:\/\/identi.pl\/nasze-realizacje\/beach-volleyball-world-tour\/\"]}]},{\"@type\":\"BreadcrumbList\",\"@id\":\"https:\/\/identi.pl\/nasze-realizacje\/beach-volleyball-world-tour\/#breadcrumb\",\"itemListElement\":[{\"@type\":\"ListItem\",\"position\":1,\"name\":\"Home\",\"item\":\"https:\/\/identi.pl\/\"},{\"@type\":\"ListItem\",\"position\":2,\"name\":\"Nasze realizacje\",\"item\":\"https:\/\/identi.pl\/nasze-realizacje\/\"},{\"@type\":\"ListItem\",\"position\":3,\"name\":\"Beach Volleyball World Tour\"}]},{\"@type\":\"WebSite\",\"@id\":\"https:\/\/identi.pl\/#website\",\"url\":\"https:\/\/identi.pl\/\",\"name\":\"IDENTI Accreditation System\",\"description\":\"Badges for events, A6 badges with photos, Accreditation Center for mass events; Photo badges production during mass events. Personal data protection of accredited people; GDPR\",\"publisher\":{\"@id\":\"https:\/\/identi.pl\/#organization\"},\"potentialAction\":[{\"@type\":\"SearchAction\",\"target\":{\"@type\":\"EntryPoint\",\"urlTemplate\":\"https:\/\/identi.pl\/?s={search_term_string}\"},\"query-input\":\"required name=search_term_string\"}],\"inLanguage\":\"en-US\"},{\"@type\":\"Organization\",\"@id\":\"https:\/\/identi.pl\/#organization\",\"name\":\"IDENTI Accreditation System\",\"url\":\"https:\/\/identi.pl\/\",\"logo\":{\"@type\":\"ImageObject\",\"inLanguage\":\"en-US\",\"@id\":\"https:\/\/identi.pl\/#\/schema\/logo\/image\/\",\"url\":\"https:\/\/identi.pl\/wp-content\/uploads\/2019\/07\/Logo-z-opisem.png\",\"contentUrl\":\"https:\/\/identi.pl\/wp-content\/uploads\/2019\/07\/Logo-z-opisem.png\",\"width\":713,\"height\":368,\"caption\":\"IDENTI Accreditation System\"},\"image\":{\"@id\":\"https:\/\/identi.pl\/#\/schema\/logo\/image\/\"},\"sameAs\":[\"https:\/\/www.facebook.com\/IdentiPL\/\"]}]}<\/script>\n<!-- \/ Yoast SEO plugin. -->","yoast_head_json":{"title":"Beach Volleyball World Tour &bull; IDENTI Accreditation System","robots":{"index":"index","follow":"follow","max-snippet":"max-snippet:-1","max-image-preview":"max-image-preview:large","max-video-preview":"max-video-preview:-1"},"canonical":"https:\/\/identi.pl\/nasze-realizacje\/beach-volleyball-world-tour\/","og_locale":"en_US","og_type":"article","og_title":"Beach Volleyball World Tour &bull; IDENTI Accreditation System","og_url":"https:\/\/identi.pl\/nasze-realizacje\/beach-volleyball-world-tour\/","og_site_name":"IDENTI Accreditation System","article_publisher":"https:\/\/www.facebook.com\/IdentiPL\/","article_modified_time":"2020-07-07T16:08:39+00:00","og_image":[{"url":"https:\/\/identi.pl\/wp-content\/uploads\/2019\/07\/FIVB_WT.jpg"}],"twitter_card":"summary_large_image","twitter_misc":{"Est. reading time":"1 minute"},"schema":{"@context":"https:\/\/schema.org","@graph":[{"@type":"WebPage","@id":"https:\/\/identi.pl\/nasze-realizacje\/beach-volleyball-world-tour\/","url":"https:\/\/identi.pl\/nasze-realizacje\/beach-volleyball-world-tour\/","name":"Beach Volleyball World Tour &bull; IDENTI Accreditation System","isPartOf":{"@id":"https:\/\/identi.pl\/#website"},"datePublished":"2019-07-03T11:27:09+00:00","dateModified":"2020-07-07T16:08:39+00:00","description":"Beach Volleyball World Tour, organizowane w Warszawie; Wyprodukowali\u015bmy oko\u0142o 700 identyfikator\u00f3w. Zpewnili\u015bmy Biuro Akredytacji prze ca\u0142y turniej.","breadcrumb":{"@id":"https:\/\/identi.pl\/nasze-realizacje\/beach-volleyball-world-tour\/#breadcrumb"},"inLanguage":"en-US","potentialAction":[{"@type":"ReadAction","target":["https:\/\/identi.pl\/nasze-realizacje\/beach-volleyball-world-tour\/"]}]},{"@type":"BreadcrumbList","@id":"https:\/\/identi.pl\/nasze-realizacje\/beach-volleyball-world-tour\/#breadcrumb","itemListElement":[{"@type":"ListItem","position":1,"name":"Home","item":"https:\/\/identi.pl\/"},{"@type":"ListItem","position":2,"name":"Nasze realizacje","item":"https:\/\/identi.pl\/nasze-realizacje\/"},{"@type":"ListItem","position":3,"name":"Beach Volleyball World Tour"}]},{"@type":"WebSite","@id":"https:\/\/identi.pl\/#website","url":"https:\/\/identi.pl\/","name":"IDENTI Accreditation System","description":"Badges for events, A6 badges with photos, Accreditation Center for mass events; Photo badges production during mass events. Personal data protection of accredited people; GDPR","publisher":{"@id":"https:\/\/identi.pl\/#organization"},"potentialAction":[{"@type":"SearchAction","target":{"@type":"EntryPoint","urlTemplate":"https:\/\/identi.pl\/?s={search_term_string}"},"query-input":"required name=search_term_string"}],"inLanguage":"en-US"},{"@type":"Organization","@id":"https:\/\/identi.pl\/#organization","name":"IDENTI Accreditation System","url":"https:\/\/identi.pl\/","logo":{"@type":"ImageObject","inLanguage":"en-US","@id":"https:\/\/identi.pl\/#\/schema\/logo\/image\/","url":"https:\/\/identi.pl\/wp-content\/uploads\/2019\/07\/Logo-z-opisem.png","contentUrl":"https:\/\/identi.pl\/wp-content\/uploads\/2019\/07\/Logo-z-opisem.png","width":713,"height":368,"caption":"IDENTI Accreditation System"},"image":{"@id":"https:\/\/identi.pl\/#\/schema\/logo\/image\/"},"sameAs":["https:\/\/www.facebook.com\/IdentiPL\/"]}]}},"_links":{"self":[{"href":"https:\/\/identi.pl\/en\/wp-json\/wp\/v2\/pages\/644"}],"collection":[{"href":"https:\/\/identi.pl\/en\/wp-json\/wp\/v2\/pages"}],"about":[{"href":"https:\/\/identi.pl\/en\/wp-json\/wp\/v2\/types\/page"}],"author":[{"embeddable":true,"href":"https:\/\/identi.pl\/en\/wp-json\/wp\/v2\/users\/1"}],"replies":[{"embeddable":true,"href":"https:\/\/identi.pl\/en\/wp-json\/wp\/v2\/comments?post=644"}],"version-history":[{"count":18,"href":"https:\/\/identi.pl\/en\/wp-json\/wp\/v2\/pages\/644\/revisions"}],"predecessor-version":[{"id":1737,"href":"https:\/\/identi.pl\/en\/wp-json\/wp\/v2\/pages\/644\/revisions\/1737"}],"up":[{"embeddable":true,"href":"https:\/\/identi.pl\/en\/wp-json\/wp\/v2\/pages\/9"}],"wp:attachment":[{"href":"https:\/\/identi.pl\/en\/wp-json\/wp\/v2\/media?parent=644"}],"curies":[{"name":"wp","href":"https:\/\/api.w.org\/{rel}","templated":true}]}}