{"id":640,"date":"2019-07-03T13:25:32","date_gmt":"2019-07-03T11:25:32","guid":{"rendered":"https:\/\/identi.pl\/nasze-realizacje\/mistrzostwa-swiata-w-pilce-siatkowej\/"},"modified":"2020-07-07T17:42:34","modified_gmt":"2020-07-07T15:42:34","slug":"mistrzostwa-swiata-w-pilce-siatkowej","status":"publish","type":"page","link":"https:\/\/identi.pl\/en\/nasze-realizacje\/mistrzostwa-swiata-w-pilce-siatkowej\/","title":{"rendered":"Volleyball World Championship"},"content":{"rendered":"\n<div class=\"wp-block-media-text alignwide has-media-on-the-right\" style=\"grid-template-columns:auto 10%\"><figure class=\"wp-block-media-text__media\"><img loading=\"lazy\" width=\"416\" height=\"461\" src=\"https:\/\/identi.pl\/wp-content\/uploads\/2019\/07\/63722-1-left1.jpeg\" alt=\"Volleyball Men's World Championship - Poland\" class=\"wp-image-759\" srcset=\"https:\/\/identi.pl\/wp-content\/uploads\/2019\/07\/63722-1-left1.jpeg 416w, https:\/\/identi.pl\/wp-content\/uploads\/2019\/07\/63722-1-left1-271x300.jpeg 271w\" sizes=\"(max-width: 416px) 100vw, 416px\" \/><\/figure><div class=\"wp-block-media-text__content\">\n<p>Volleyball World Championship is the biggest event we&#8217;ve worked on so far. The opening ceremony was held at the <a href=\"https:\/\/www.pgenarodowy.pl\/\">National Stadium<\/a>, while the respective games at the largest sports halls in Poland in: <a href=\"http:\/\/www.spodekkatowice.pl\/\">Katowice<\/a>, <a href=\"http:\/\/halastulecia.pl\/\">Wroc\u0142aw<\/a>, <a href=\"http:\/\/www.luczniczka.bydgoszcz.pl\/\">Bydgoszcz<\/a>, <a href=\"https:\/\/makis.pl\/\">\u0141\u00f3d\u017a<\/a>, <a href=\"http:\/\/www.tauronarenakrakow.pl\/\">Krak\u00f3w <\/a>and <a href=\"http:\/\/ergoarena.pl\/\">Gda\u0144sk<\/a>. We set up 7 <a href=\"https:\/\/identi.pl\/en\/#zabudowa\">Accreditation Centers<\/a>, synchronized thanks to our <a href=\"https:\/\/identi.pl\/en\/system-akredytacyjny\/\">Accreditation System<\/a>. Our experience and resources allowed the organizer to provide high quality services appropriate for the status of one of the largest sports events organized in Poland in the recent years. In total, we made about 12000 badges, while our offices were open for almost 30 days. The badges, apart from the usual information, included a division into cities and event stages.  The Volleyball World Championship was organized by the <a href=\"http:\/\/pzps.pl\">Polish Volleyball Federation<\/a>.<\/p>\n<\/div><\/div>\n\n\nngg_shortcode_0_placeholder","protected":false},"excerpt":{"rendered":"<p>Volleyball World Championship is the biggest event we&#8217;ve worked on so far. The opening ceremony was held at the National Stadium, while the respective games at the largest sports halls in Poland in: Katowice, Wroc\u0142aw, Bydgoszcz, \u0141\u00f3d\u017a, Krak\u00f3w and Gda\u0144sk. We set up 7 Accreditation Centers, synchronized thanks to our Accreditation System. Our experience and [&hellip;]<\/p>\n","protected":false},"author":1,"featured_media":0,"parent":9,"menu_order":0,"comment_status":"closed","ping_status":"closed","template":"","meta":{"ngg_post_thumbnail":0},"translation":{"provider":"WPGlobus","version":"3.0.1","language":"en","enabled_languages":["pl","en"],"languages":{"pl":{"title":true,"content":true,"excerpt":false},"en":{"title":true,"content":true,"excerpt":false}}},"acf":[],"yoast_head":"<!-- This site is optimized with the Yoast SEO plugin v20.6 - https:\/\/yoast.com\/wordpress\/plugins\/seo\/ -->\n<title>Volleyball World Championship &bull; IDENTI Accreditation System<\/title>\n<meta name=\"robots\" content=\"index, follow, max-snippet:-1, max-image-preview:large, max-video-preview:-1\" \/>\n<link rel=\"canonical\" href=\"https:\/\/identi.pl\/nasze-realizacje\/mistrzostwa-swiata-w-pilce-siatkowej\/\" \/>\n<meta property=\"og:locale\" content=\"en_US\" \/>\n<meta property=\"og:type\" content=\"article\" \/>\n<meta property=\"og:title\" content=\"Volleyball World Championship &bull; IDENTI Accreditation System\" \/>\n<meta property=\"og:url\" content=\"https:\/\/identi.pl\/nasze-realizacje\/mistrzostwa-swiata-w-pilce-siatkowej\/\" \/>\n<meta property=\"og:site_name\" content=\"IDENTI Accreditation System\" \/>\n<meta property=\"article:publisher\" content=\"https:\/\/www.facebook.com\/IdentiPL\/\" \/>\n<meta property=\"article:modified_time\" content=\"2020-07-07T15:42:34+00:00\" \/>\n<meta property=\"og:image\" content=\"https:\/\/identi.pl\/wp-content\/uploads\/2019\/07\/63722-1-left1.jpeg\" \/>\n<meta name=\"twitter:card\" content=\"summary_large_image\" \/>\n<meta name=\"twitter:label1\" content=\"Est. reading time\" \/>\n\t<meta name=\"twitter:data1\" content=\"1 minute\" \/>\n<script type=\"application\/ld+json\" class=\"yoast-schema-graph\">{\"@context\":\"https:\/\/schema.org\",\"@graph\":[{\"@type\":\"WebPage\",\"@id\":\"https:\/\/identi.pl\/nasze-realizacje\/mistrzostwa-swiata-w-pilce-siatkowej\/\",\"url\":\"https:\/\/identi.pl\/nasze-realizacje\/mistrzostwa-swiata-w-pilce-siatkowej\/\",\"name\":\"Volleyball World Championship &bull; IDENTI Accreditation System\",\"isPartOf\":{\"@id\":\"https:\/\/identi.pl\/#website\"},\"datePublished\":\"2019-07-03T11:25:32+00:00\",\"dateModified\":\"2020-07-07T15:42:34+00:00\",\"description\":\"Mistrzostwa \u015awiata w Pi\u0142ce Siatkowej. \u0141\u0105cznie wyprodukowali\u015bmy oko\u0142o 12000 identyfikator\u00f3w, a nasze Biura Akredytacji funkcjonowa\u0142y przez prawie 30 dni.\",\"breadcrumb\":{\"@id\":\"https:\/\/identi.pl\/nasze-realizacje\/mistrzostwa-swiata-w-pilce-siatkowej\/#breadcrumb\"},\"inLanguage\":\"en-US\",\"potentialAction\":[{\"@type\":\"ReadAction\",\"target\":[\"https:\/\/identi.pl\/nasze-realizacje\/mistrzostwa-swiata-w-pilce-siatkowej\/\"]}]},{\"@type\":\"BreadcrumbList\",\"@id\":\"https:\/\/identi.pl\/nasze-realizacje\/mistrzostwa-swiata-w-pilce-siatkowej\/#breadcrumb\",\"itemListElement\":[{\"@type\":\"ListItem\",\"position\":1,\"name\":\"Home\",\"item\":\"https:\/\/identi.pl\/\"},{\"@type\":\"ListItem\",\"position\":2,\"name\":\"Nasze realizacje\",\"item\":\"https:\/\/identi.pl\/nasze-realizacje\/\"},{\"@type\":\"ListItem\",\"position\":3,\"name\":\"Mistrzostwa \u015awiata w Pi\u0142ce Siatkowej\"}]},{\"@type\":\"WebSite\",\"@id\":\"https:\/\/identi.pl\/#website\",\"url\":\"https:\/\/identi.pl\/\",\"name\":\"IDENTI Accreditation System\",\"description\":\"Badges for events, A6 badges with photos, Accreditation Center for mass events; Photo badges production during mass events. Personal data protection of accredited people; GDPR\",\"publisher\":{\"@id\":\"https:\/\/identi.pl\/#organization\"},\"potentialAction\":[{\"@type\":\"SearchAction\",\"target\":{\"@type\":\"EntryPoint\",\"urlTemplate\":\"https:\/\/identi.pl\/?s={search_term_string}\"},\"query-input\":\"required name=search_term_string\"}],\"inLanguage\":\"en-US\"},{\"@type\":\"Organization\",\"@id\":\"https:\/\/identi.pl\/#organization\",\"name\":\"IDENTI Accreditation System\",\"url\":\"https:\/\/identi.pl\/\",\"logo\":{\"@type\":\"ImageObject\",\"inLanguage\":\"en-US\",\"@id\":\"https:\/\/identi.pl\/#\/schema\/logo\/image\/\",\"url\":\"https:\/\/identi.pl\/wp-content\/uploads\/2019\/07\/Logo-z-opisem.png\",\"contentUrl\":\"https:\/\/identi.pl\/wp-content\/uploads\/2019\/07\/Logo-z-opisem.png\",\"width\":713,\"height\":368,\"caption\":\"IDENTI Accreditation System\"},\"image\":{\"@id\":\"https:\/\/identi.pl\/#\/schema\/logo\/image\/\"},\"sameAs\":[\"https:\/\/www.facebook.com\/IdentiPL\/\"]}]}<\/script>\n<!-- \/ Yoast SEO plugin. -->","yoast_head_json":{"title":"Volleyball World Championship &bull; IDENTI Accreditation System","robots":{"index":"index","follow":"follow","max-snippet":"max-snippet:-1","max-image-preview":"max-image-preview:large","max-video-preview":"max-video-preview:-1"},"canonical":"https:\/\/identi.pl\/nasze-realizacje\/mistrzostwa-swiata-w-pilce-siatkowej\/","og_locale":"en_US","og_type":"article","og_title":"Volleyball World Championship &bull; IDENTI Accreditation System","og_url":"https:\/\/identi.pl\/nasze-realizacje\/mistrzostwa-swiata-w-pilce-siatkowej\/","og_site_name":"IDENTI Accreditation System","article_publisher":"https:\/\/www.facebook.com\/IdentiPL\/","article_modified_time":"2020-07-07T15:42:34+00:00","og_image":[{"url":"https:\/\/identi.pl\/wp-content\/uploads\/2019\/07\/63722-1-left1.jpeg"}],"twitter_card":"summary_large_image","twitter_misc":{"Est. reading time":"1 minute"},"schema":{"@context":"https:\/\/schema.org","@graph":[{"@type":"WebPage","@id":"https:\/\/identi.pl\/nasze-realizacje\/mistrzostwa-swiata-w-pilce-siatkowej\/","url":"https:\/\/identi.pl\/nasze-realizacje\/mistrzostwa-swiata-w-pilce-siatkowej\/","name":"Volleyball World Championship &bull; IDENTI Accreditation System","isPartOf":{"@id":"https:\/\/identi.pl\/#website"},"datePublished":"2019-07-03T11:25:32+00:00","dateModified":"2020-07-07T15:42:34+00:00","description":"Mistrzostwa \u015awiata w Pi\u0142ce Siatkowej. \u0141\u0105cznie wyprodukowali\u015bmy oko\u0142o 12000 identyfikator\u00f3w, a nasze Biura Akredytacji funkcjonowa\u0142y przez prawie 30 dni.","breadcrumb":{"@id":"https:\/\/identi.pl\/nasze-realizacje\/mistrzostwa-swiata-w-pilce-siatkowej\/#breadcrumb"},"inLanguage":"en-US","potentialAction":[{"@type":"ReadAction","target":["https:\/\/identi.pl\/nasze-realizacje\/mistrzostwa-swiata-w-pilce-siatkowej\/"]}]},{"@type":"BreadcrumbList","@id":"https:\/\/identi.pl\/nasze-realizacje\/mistrzostwa-swiata-w-pilce-siatkowej\/#breadcrumb","itemListElement":[{"@type":"ListItem","position":1,"name":"Home","item":"https:\/\/identi.pl\/"},{"@type":"ListItem","position":2,"name":"Nasze realizacje","item":"https:\/\/identi.pl\/nasze-realizacje\/"},{"@type":"ListItem","position":3,"name":"Mistrzostwa \u015awiata w Pi\u0142ce Siatkowej"}]},{"@type":"WebSite","@id":"https:\/\/identi.pl\/#website","url":"https:\/\/identi.pl\/","name":"IDENTI Accreditation System","description":"Badges for events, A6 badges with photos, Accreditation Center for mass events; Photo badges production during mass events. Personal data protection of accredited people; GDPR","publisher":{"@id":"https:\/\/identi.pl\/#organization"},"potentialAction":[{"@type":"SearchAction","target":{"@type":"EntryPoint","urlTemplate":"https:\/\/identi.pl\/?s={search_term_string}"},"query-input":"required name=search_term_string"}],"inLanguage":"en-US"},{"@type":"Organization","@id":"https:\/\/identi.pl\/#organization","name":"IDENTI Accreditation System","url":"https:\/\/identi.pl\/","logo":{"@type":"ImageObject","inLanguage":"en-US","@id":"https:\/\/identi.pl\/#\/schema\/logo\/image\/","url":"https:\/\/identi.pl\/wp-content\/uploads\/2019\/07\/Logo-z-opisem.png","contentUrl":"https:\/\/identi.pl\/wp-content\/uploads\/2019\/07\/Logo-z-opisem.png","width":713,"height":368,"caption":"IDENTI Accreditation System"},"image":{"@id":"https:\/\/identi.pl\/#\/schema\/logo\/image\/"},"sameAs":["https:\/\/www.facebook.com\/IdentiPL\/"]}]}},"_links":{"self":[{"href":"https:\/\/identi.pl\/en\/wp-json\/wp\/v2\/pages\/640"}],"collection":[{"href":"https:\/\/identi.pl\/en\/wp-json\/wp\/v2\/pages"}],"about":[{"href":"https:\/\/identi.pl\/en\/wp-json\/wp\/v2\/types\/page"}],"author":[{"embeddable":true,"href":"https:\/\/identi.pl\/en\/wp-json\/wp\/v2\/users\/1"}],"replies":[{"embeddable":true,"href":"https:\/\/identi.pl\/en\/wp-json\/wp\/v2\/comments?post=640"}],"version-history":[{"count":13,"href":"https:\/\/identi.pl\/en\/wp-json\/wp\/v2\/pages\/640\/revisions"}],"predecessor-version":[{"id":1723,"href":"https:\/\/identi.pl\/en\/wp-json\/wp\/v2\/pages\/640\/revisions\/1723"}],"up":[{"embeddable":true,"href":"https:\/\/identi.pl\/en\/wp-json\/wp\/v2\/pages\/9"}],"wp:attachment":[{"href":"https:\/\/identi.pl\/en\/wp-json\/wp\/v2\/media?parent=640"}],"curies":[{"name":"wp","href":"https:\/\/api.w.org\/{rel}","templated":true}]}}