{"id":636,"date":"2019-07-03T13:24:14","date_gmt":"2019-07-03T11:24:14","guid":{"rendered":"https:\/\/identi.pl\/nasze-realizacje\/liga-europejska-siatkowki\/"},"modified":"2020-07-07T17:22:43","modified_gmt":"2020-07-07T15:22:43","slug":"liga-europejska-siatkowki","status":"publish","type":"page","link":"https:\/\/identi.pl\/en\/nasze-realizacje\/liga-europejska-siatkowki\/","title":{"rendered":"European Volleyball League"},"content":{"rendered":"\n<div class=\"wp-block-media-text alignwide has-media-on-the-right\" style=\"grid-template-columns:auto 10%\"><figure class=\"wp-block-media-text__media\"><img loading=\"lazy\" width=\"300\" height=\"400\" src=\"https:\/\/identi.pl\/wp-content\/uploads\/2019\/07\/2011_cl_logo-e14857746393541.png\" alt=\"Liga Europejska Siatk\u00f3wki\" class=\"wp-image-730\" srcset=\"https:\/\/identi.pl\/wp-content\/uploads\/2019\/07\/2011_cl_logo-e14857746393541.png 300w, https:\/\/identi.pl\/wp-content\/uploads\/2019\/07\/2011_cl_logo-e14857746393541-225x300.png 225w\" sizes=\"(max-width: 300px) 100vw, 300px\" \/><\/figure><div class=\"wp-block-media-text__content\">\n<p class=\"has-small-font-size\">European Volleyball League is a series of two events organized by <a href=\"https:\/\/www.cev.eu\/\">CEV<\/a>. The meetings took place at the <a href=\"http:\/\/orlenarena.eu\/pl\">Orlen Arena in P\u0142ock<\/a> and at the <a href=\"http:\/\/aqua-zdroj.pl\/atrakcje-obiektu\/hala-widowiskowo-sportowa\/\">AQUA ZDR\u00d3J Sports and Entertainment Hall<\/a> in Wa\u0142brzych. For each of the events we made about 450 badges. We also provided a professional <a href=\"https:\/\/identi.pl\/en\/#zabudowa\">Accreditation Center<\/a> and <a href=\"https:\/\/identi.pl\/en\/system-akredytacyjny\/\">Accreditation System<\/a>.\u00a0 <\/p>\n<\/div><\/div>\n\n\nngg_shortcode_0_placeholder","protected":false},"excerpt":{"rendered":"<p>European Volleyball League is a series of two events organized by CEV. The meetings took place at the Orlen Arena in P\u0142ock and at the AQUA ZDR\u00d3J Sports and Entertainment Hall in Wa\u0142brzych. For each of the events we made about 450 badges. We also provided a professional Accreditation Center and Accreditation System.\u00a0<\/p>\n","protected":false},"author":1,"featured_media":0,"parent":9,"menu_order":0,"comment_status":"closed","ping_status":"closed","template":"","meta":{"ngg_post_thumbnail":0},"translation":{"provider":"WPGlobus","version":"3.0.1","language":"en","enabled_languages":["pl","en"],"languages":{"pl":{"title":true,"content":true,"excerpt":false},"en":{"title":true,"content":true,"excerpt":false}}},"acf":[],"yoast_head":"<!-- This site is optimized with the Yoast SEO plugin v20.6 - https:\/\/yoast.com\/wordpress\/plugins\/seo\/ -->\n<title>European Volleyball League &bull; IDENTI Accreditation System<\/title>\n<meta name=\"robots\" content=\"index, follow, max-snippet:-1, max-image-preview:large, max-video-preview:-1\" \/>\n<link rel=\"canonical\" href=\"https:\/\/identi.pl\/nasze-realizacje\/liga-europejska-siatkowki\/\" \/>\n<meta property=\"og:locale\" content=\"en_US\" \/>\n<meta property=\"og:type\" content=\"article\" \/>\n<meta property=\"og:title\" content=\"European Volleyball League &bull; IDENTI Accreditation System\" \/>\n<meta property=\"og:url\" content=\"https:\/\/identi.pl\/nasze-realizacje\/liga-europejska-siatkowki\/\" \/>\n<meta property=\"og:site_name\" content=\"IDENTI Accreditation System\" \/>\n<meta property=\"article:publisher\" content=\"https:\/\/www.facebook.com\/IdentiPL\/\" \/>\n<meta property=\"article:modified_time\" content=\"2020-07-07T15:22:43+00:00\" \/>\n<meta property=\"og:image\" content=\"https:\/\/identi.pl\/wp-content\/uploads\/2019\/07\/2011_cl_logo-e14857746393541.png\" \/>\n<meta name=\"twitter:card\" content=\"summary_large_image\" \/>\n<meta name=\"twitter:label1\" content=\"Est. reading time\" \/>\n\t<meta name=\"twitter:data1\" content=\"1 minute\" \/>\n<script type=\"application\/ld+json\" class=\"yoast-schema-graph\">{\"@context\":\"https:\/\/schema.org\",\"@graph\":[{\"@type\":\"WebPage\",\"@id\":\"https:\/\/identi.pl\/nasze-realizacje\/liga-europejska-siatkowki\/\",\"url\":\"https:\/\/identi.pl\/nasze-realizacje\/liga-europejska-siatkowki\/\",\"name\":\"European Volleyball League &bull; IDENTI Accreditation System\",\"isPartOf\":{\"@id\":\"https:\/\/identi.pl\/#website\"},\"datePublished\":\"2019-07-03T11:24:14+00:00\",\"dateModified\":\"2020-07-07T15:22:43+00:00\",\"description\":\"Liga Europejska Siatk\u00f3wki to seria dw\u00f3ch wydarze\u0144 organizowanych na Orlen Arenie w P\u0142ocku oraz na Hali Widowiskowo-Sportowej AQUA ZDR\u00d3J w Wa\u0142brzychu\",\"breadcrumb\":{\"@id\":\"https:\/\/identi.pl\/nasze-realizacje\/liga-europejska-siatkowki\/#breadcrumb\"},\"inLanguage\":\"en-US\",\"potentialAction\":[{\"@type\":\"ReadAction\",\"target\":[\"https:\/\/identi.pl\/nasze-realizacje\/liga-europejska-siatkowki\/\"]}]},{\"@type\":\"BreadcrumbList\",\"@id\":\"https:\/\/identi.pl\/nasze-realizacje\/liga-europejska-siatkowki\/#breadcrumb\",\"itemListElement\":[{\"@type\":\"ListItem\",\"position\":1,\"name\":\"Home\",\"item\":\"https:\/\/identi.pl\/\"},{\"@type\":\"ListItem\",\"position\":2,\"name\":\"Nasze realizacje\",\"item\":\"https:\/\/identi.pl\/nasze-realizacje\/\"},{\"@type\":\"ListItem\",\"position\":3,\"name\":\"Liga Europejska Siatk\u00f3wki\"}]},{\"@type\":\"WebSite\",\"@id\":\"https:\/\/identi.pl\/#website\",\"url\":\"https:\/\/identi.pl\/\",\"name\":\"IDENTI Accreditation System\",\"description\":\"Badges for events, A6 badges with photos, Accreditation Center for mass events; Photo badges production during mass events. Personal data protection of accredited people; GDPR\",\"publisher\":{\"@id\":\"https:\/\/identi.pl\/#organization\"},\"potentialAction\":[{\"@type\":\"SearchAction\",\"target\":{\"@type\":\"EntryPoint\",\"urlTemplate\":\"https:\/\/identi.pl\/?s={search_term_string}\"},\"query-input\":\"required name=search_term_string\"}],\"inLanguage\":\"en-US\"},{\"@type\":\"Organization\",\"@id\":\"https:\/\/identi.pl\/#organization\",\"name\":\"IDENTI Accreditation System\",\"url\":\"https:\/\/identi.pl\/\",\"logo\":{\"@type\":\"ImageObject\",\"inLanguage\":\"en-US\",\"@id\":\"https:\/\/identi.pl\/#\/schema\/logo\/image\/\",\"url\":\"https:\/\/identi.pl\/wp-content\/uploads\/2019\/07\/Logo-z-opisem.png\",\"contentUrl\":\"https:\/\/identi.pl\/wp-content\/uploads\/2019\/07\/Logo-z-opisem.png\",\"width\":713,\"height\":368,\"caption\":\"IDENTI Accreditation System\"},\"image\":{\"@id\":\"https:\/\/identi.pl\/#\/schema\/logo\/image\/\"},\"sameAs\":[\"https:\/\/www.facebook.com\/IdentiPL\/\"]}]}<\/script>\n<!-- \/ Yoast SEO plugin. -->","yoast_head_json":{"title":"European Volleyball League &bull; IDENTI Accreditation System","robots":{"index":"index","follow":"follow","max-snippet":"max-snippet:-1","max-image-preview":"max-image-preview:large","max-video-preview":"max-video-preview:-1"},"canonical":"https:\/\/identi.pl\/nasze-realizacje\/liga-europejska-siatkowki\/","og_locale":"en_US","og_type":"article","og_title":"European Volleyball League &bull; IDENTI Accreditation System","og_url":"https:\/\/identi.pl\/nasze-realizacje\/liga-europejska-siatkowki\/","og_site_name":"IDENTI Accreditation System","article_publisher":"https:\/\/www.facebook.com\/IdentiPL\/","article_modified_time":"2020-07-07T15:22:43+00:00","og_image":[{"url":"https:\/\/identi.pl\/wp-content\/uploads\/2019\/07\/2011_cl_logo-e14857746393541.png"}],"twitter_card":"summary_large_image","twitter_misc":{"Est. reading time":"1 minute"},"schema":{"@context":"https:\/\/schema.org","@graph":[{"@type":"WebPage","@id":"https:\/\/identi.pl\/nasze-realizacje\/liga-europejska-siatkowki\/","url":"https:\/\/identi.pl\/nasze-realizacje\/liga-europejska-siatkowki\/","name":"European Volleyball League &bull; IDENTI Accreditation System","isPartOf":{"@id":"https:\/\/identi.pl\/#website"},"datePublished":"2019-07-03T11:24:14+00:00","dateModified":"2020-07-07T15:22:43+00:00","description":"Liga Europejska Siatk\u00f3wki to seria dw\u00f3ch wydarze\u0144 organizowanych na Orlen Arenie w P\u0142ocku oraz na Hali Widowiskowo-Sportowej AQUA ZDR\u00d3J w Wa\u0142brzychu","breadcrumb":{"@id":"https:\/\/identi.pl\/nasze-realizacje\/liga-europejska-siatkowki\/#breadcrumb"},"inLanguage":"en-US","potentialAction":[{"@type":"ReadAction","target":["https:\/\/identi.pl\/nasze-realizacje\/liga-europejska-siatkowki\/"]}]},{"@type":"BreadcrumbList","@id":"https:\/\/identi.pl\/nasze-realizacje\/liga-europejska-siatkowki\/#breadcrumb","itemListElement":[{"@type":"ListItem","position":1,"name":"Home","item":"https:\/\/identi.pl\/"},{"@type":"ListItem","position":2,"name":"Nasze realizacje","item":"https:\/\/identi.pl\/nasze-realizacje\/"},{"@type":"ListItem","position":3,"name":"Liga Europejska Siatk\u00f3wki"}]},{"@type":"WebSite","@id":"https:\/\/identi.pl\/#website","url":"https:\/\/identi.pl\/","name":"IDENTI Accreditation System","description":"Badges for events, A6 badges with photos, Accreditation Center for mass events; Photo badges production during mass events. Personal data protection of accredited people; GDPR","publisher":{"@id":"https:\/\/identi.pl\/#organization"},"potentialAction":[{"@type":"SearchAction","target":{"@type":"EntryPoint","urlTemplate":"https:\/\/identi.pl\/?s={search_term_string}"},"query-input":"required name=search_term_string"}],"inLanguage":"en-US"},{"@type":"Organization","@id":"https:\/\/identi.pl\/#organization","name":"IDENTI Accreditation System","url":"https:\/\/identi.pl\/","logo":{"@type":"ImageObject","inLanguage":"en-US","@id":"https:\/\/identi.pl\/#\/schema\/logo\/image\/","url":"https:\/\/identi.pl\/wp-content\/uploads\/2019\/07\/Logo-z-opisem.png","contentUrl":"https:\/\/identi.pl\/wp-content\/uploads\/2019\/07\/Logo-z-opisem.png","width":713,"height":368,"caption":"IDENTI Accreditation System"},"image":{"@id":"https:\/\/identi.pl\/#\/schema\/logo\/image\/"},"sameAs":["https:\/\/www.facebook.com\/IdentiPL\/"]}]}},"_links":{"self":[{"href":"https:\/\/identi.pl\/en\/wp-json\/wp\/v2\/pages\/636"}],"collection":[{"href":"https:\/\/identi.pl\/en\/wp-json\/wp\/v2\/pages"}],"about":[{"href":"https:\/\/identi.pl\/en\/wp-json\/wp\/v2\/types\/page"}],"author":[{"embeddable":true,"href":"https:\/\/identi.pl\/en\/wp-json\/wp\/v2\/users\/1"}],"replies":[{"embeddable":true,"href":"https:\/\/identi.pl\/en\/wp-json\/wp\/v2\/comments?post=636"}],"version-history":[{"count":16,"href":"https:\/\/identi.pl\/en\/wp-json\/wp\/v2\/pages\/636\/revisions"}],"predecessor-version":[{"id":1711,"href":"https:\/\/identi.pl\/en\/wp-json\/wp\/v2\/pages\/636\/revisions\/1711"}],"up":[{"embeddable":true,"href":"https:\/\/identi.pl\/en\/wp-json\/wp\/v2\/pages\/9"}],"wp:attachment":[{"href":"https:\/\/identi.pl\/en\/wp-json\/wp\/v2\/media?parent=636"}],"curies":[{"name":"wp","href":"https:\/\/api.w.org\/{rel}","templated":true}]}}