{"id":629,"date":"2019-07-03T13:19:32","date_gmt":"2019-07-03T11:19:32","guid":{"rendered":"https:\/\/identi.pl\/nasze-realizacje\/liga-swiatowa-siatkowki\/"},"modified":"2020-07-07T17:25:41","modified_gmt":"2020-07-07T15:25:41","slug":"liga-swiatowa-siatkowki","status":"publish","type":"page","link":"https:\/\/identi.pl\/en\/nasze-realizacje\/liga-swiatowa-siatkowki\/","title":{"rendered":"Volleyball World League"},"content":{"rendered":"\n<div class=\"wp-block-media-text alignwide has-media-on-the-right\" style=\"grid-template-columns:auto 14%\"><figure class=\"wp-block-media-text__media\"><img loading=\"lazy\" width=\"1024\" height=\"482\" src=\"https:\/\/identi.pl\/wp-content\/uploads\/2019\/07\/Federation-Internationale-de-Volleyball-FIVB-logo1-1024x482.png\" alt=\"F\u00e9d\u00e9ration Internationale de Volleyball - Liga \u015awiatowa Siatk\u00f3wki\" class=\"wp-image-685\" srcset=\"https:\/\/identi.pl\/wp-content\/uploads\/2019\/07\/Federation-Internationale-de-Volleyball-FIVB-logo1-1024x482.png 1024w, https:\/\/identi.pl\/wp-content\/uploads\/2019\/07\/Federation-Internationale-de-Volleyball-FIVB-logo1-300x141.png 300w, https:\/\/identi.pl\/wp-content\/uploads\/2019\/07\/Federation-Internationale-de-Volleyball-FIVB-logo1-768x362.png 768w\" sizes=\"(max-width: 1024px) 100vw, 1024px\" \/><\/figure><div class=\"wp-block-media-text__content\">\n<p>Volleyball World League is an event we have worked at since 2004. The event organizer is <a href=\"https:\/\/www.fivb.com\/\">FIVB<\/a>. Over the years, we&#8217;ve participated primarily in games at the largest sports halls in Poland:<\/p>\n<\/div><\/div>\n\n\n<p><a href=\"http:\/\/www.spodekkatowice.pl\/pl\/\">Spodek Katowice<\/a>;<br><a href=\"http:\/\/www.tauronarenakrakow.pl\/\">Tauron Arena Krak\u00f3w<\/a>;<br><a href=\"https:\/\/makis.pl\/\">Atlas Arena \u0141\u00f3d\u017a<\/a>;<br><a href=\"http:\/\/ergoarena.pl\/\">Ergo Arena Gda\u0144sk<\/a>;<br><a href=\"http:\/\/hala.imedio.pl\/\">Hala Podpromie w Rzeszowie<\/a>;<br><a href=\"http:\/\/halastulecia.pl\/\">Hala Stulecia we Wroc\u0142awiu<\/a>;<br><a href=\"https:\/\/arenapoznan.pl\/\">Pozna\u0144 Arena<\/a>;<br><a href=\"https:\/\/hala-czestochowa.pl\/\">Sports Hall Cz\u0119stochowa<\/a>;<br><a href=\"http:\/\/www.luczniczka.bydgoszcz.pl\/\">\u0141uczniczka Bydgoszcz<\/a>;<br><a href=\"http:\/\/arenatorun.pl\/\">Toru\u0144 Arena<\/a>.<\/p>\n<p>For the games, we have printed from 400 to 1200 badges. We also provided a professional <a href=\"https:\/\/identi.pl\/en\/#zabudowa\">Accreditation Center<\/a> and&nbsp;<a href=\"https:\/\/identi.pl\/en\/system-akredytacyjny\/\">Accreditation System<\/a>.<\/p>\nngg_shortcode_0_placeholder","protected":false},"excerpt":{"rendered":"<p>Volleyball World League is an event we have worked at since 2004. The event organizer is FIVB. Over the years, we&#8217;ve participated primarily in games at the largest sports halls in Poland: Spodek Katowice;Tauron Arena Krak\u00f3w;Atlas Arena \u0141\u00f3d\u017a;Ergo Arena Gda\u0144sk;Hala Podpromie w Rzeszowie;Hala Stulecia we Wroc\u0142awiu;Pozna\u0144 Arena;Sports Hall Cz\u0119stochowa;\u0141uczniczka Bydgoszcz;Toru\u0144 Arena. For the games, we [&hellip;]<\/p>\n","protected":false},"author":1,"featured_media":0,"parent":9,"menu_order":0,"comment_status":"closed","ping_status":"closed","template":"","meta":{"ngg_post_thumbnail":0},"translation":{"provider":"WPGlobus","version":"3.0.1","language":"en","enabled_languages":["pl","en"],"languages":{"pl":{"title":true,"content":true,"excerpt":false},"en":{"title":true,"content":true,"excerpt":false}}},"acf":[],"yoast_head":"<!-- This site is optimized with the Yoast SEO plugin v20.6 - https:\/\/yoast.com\/wordpress\/plugins\/seo\/ -->\n<title>Volleyball World League &bull; IDENTI Accreditation System<\/title>\n<meta name=\"robots\" content=\"index, follow, max-snippet:-1, max-image-preview:large, max-video-preview:-1\" \/>\n<link rel=\"canonical\" href=\"https:\/\/identi.pl\/nasze-realizacje\/liga-swiatowa-siatkowki\/\" \/>\n<meta property=\"og:locale\" content=\"en_US\" \/>\n<meta property=\"og:type\" content=\"article\" \/>\n<meta property=\"og:title\" content=\"Volleyball World League &bull; IDENTI Accreditation System\" \/>\n<meta property=\"og:url\" content=\"https:\/\/identi.pl\/nasze-realizacje\/liga-swiatowa-siatkowki\/\" \/>\n<meta property=\"og:site_name\" content=\"IDENTI Accreditation System\" \/>\n<meta property=\"article:publisher\" content=\"https:\/\/www.facebook.com\/IdentiPL\/\" \/>\n<meta property=\"article:modified_time\" content=\"2020-07-07T15:25:41+00:00\" \/>\n<meta property=\"og:image\" content=\"https:\/\/identi.pl\/wp-content\/uploads\/2019\/07\/Federation-Internationale-de-Volleyball-FIVB-logo1-1024x482.png\" \/>\n<meta name=\"twitter:card\" content=\"summary_large_image\" \/>\n<meta name=\"twitter:label1\" content=\"Est. reading time\" \/>\n\t<meta name=\"twitter:data1\" content=\"1 minute\" \/>\n<script type=\"application\/ld+json\" class=\"yoast-schema-graph\">{\"@context\":\"https:\/\/schema.org\",\"@graph\":[{\"@type\":\"WebPage\",\"@id\":\"https:\/\/identi.pl\/nasze-realizacje\/liga-swiatowa-siatkowki\/\",\"url\":\"https:\/\/identi.pl\/nasze-realizacje\/liga-swiatowa-siatkowki\/\",\"name\":\"Volleyball World League &bull; IDENTI Accreditation System\",\"isPartOf\":{\"@id\":\"https:\/\/identi.pl\/#website\"},\"datePublished\":\"2019-07-03T11:19:32+00:00\",\"dateModified\":\"2020-07-07T15:25:41+00:00\",\"description\":\"Liga \u015awiatowa Siatk\u00f3wki to wydarzenie w kt\u00f3rym uczestniczymy od 2004 roku. Produkowali\u015bmy identyfikatory w ilo\u015bciach od 400 do 1200 na ka\u017cde z wydarze\u0144.\",\"breadcrumb\":{\"@id\":\"https:\/\/identi.pl\/nasze-realizacje\/liga-swiatowa-siatkowki\/#breadcrumb\"},\"inLanguage\":\"en-US\",\"potentialAction\":[{\"@type\":\"ReadAction\",\"target\":[\"https:\/\/identi.pl\/nasze-realizacje\/liga-swiatowa-siatkowki\/\"]}]},{\"@type\":\"BreadcrumbList\",\"@id\":\"https:\/\/identi.pl\/nasze-realizacje\/liga-swiatowa-siatkowki\/#breadcrumb\",\"itemListElement\":[{\"@type\":\"ListItem\",\"position\":1,\"name\":\"Home\",\"item\":\"https:\/\/identi.pl\/\"},{\"@type\":\"ListItem\",\"position\":2,\"name\":\"Nasze realizacje\",\"item\":\"https:\/\/identi.pl\/nasze-realizacje\/\"},{\"@type\":\"ListItem\",\"position\":3,\"name\":\"Liga \u015awiatowa Siatk\u00f3wki\"}]},{\"@type\":\"WebSite\",\"@id\":\"https:\/\/identi.pl\/#website\",\"url\":\"https:\/\/identi.pl\/\",\"name\":\"IDENTI Accreditation System\",\"description\":\"Badges for events, A6 badges with photos, Accreditation Center for mass events; Photo badges production during mass events. Personal data protection of accredited people; GDPR\",\"publisher\":{\"@id\":\"https:\/\/identi.pl\/#organization\"},\"potentialAction\":[{\"@type\":\"SearchAction\",\"target\":{\"@type\":\"EntryPoint\",\"urlTemplate\":\"https:\/\/identi.pl\/?s={search_term_string}\"},\"query-input\":\"required name=search_term_string\"}],\"inLanguage\":\"en-US\"},{\"@type\":\"Organization\",\"@id\":\"https:\/\/identi.pl\/#organization\",\"name\":\"IDENTI Accreditation System\",\"url\":\"https:\/\/identi.pl\/\",\"logo\":{\"@type\":\"ImageObject\",\"inLanguage\":\"en-US\",\"@id\":\"https:\/\/identi.pl\/#\/schema\/logo\/image\/\",\"url\":\"https:\/\/identi.pl\/wp-content\/uploads\/2019\/07\/Logo-z-opisem.png\",\"contentUrl\":\"https:\/\/identi.pl\/wp-content\/uploads\/2019\/07\/Logo-z-opisem.png\",\"width\":713,\"height\":368,\"caption\":\"IDENTI Accreditation System\"},\"image\":{\"@id\":\"https:\/\/identi.pl\/#\/schema\/logo\/image\/\"},\"sameAs\":[\"https:\/\/www.facebook.com\/IdentiPL\/\"]}]}<\/script>\n<!-- \/ Yoast SEO plugin. -->","yoast_head_json":{"title":"Volleyball World League &bull; IDENTI Accreditation System","robots":{"index":"index","follow":"follow","max-snippet":"max-snippet:-1","max-image-preview":"max-image-preview:large","max-video-preview":"max-video-preview:-1"},"canonical":"https:\/\/identi.pl\/nasze-realizacje\/liga-swiatowa-siatkowki\/","og_locale":"en_US","og_type":"article","og_title":"Volleyball World League &bull; IDENTI Accreditation System","og_url":"https:\/\/identi.pl\/nasze-realizacje\/liga-swiatowa-siatkowki\/","og_site_name":"IDENTI Accreditation System","article_publisher":"https:\/\/www.facebook.com\/IdentiPL\/","article_modified_time":"2020-07-07T15:25:41+00:00","og_image":[{"url":"https:\/\/identi.pl\/wp-content\/uploads\/2019\/07\/Federation-Internationale-de-Volleyball-FIVB-logo1-1024x482.png"}],"twitter_card":"summary_large_image","twitter_misc":{"Est. reading time":"1 minute"},"schema":{"@context":"https:\/\/schema.org","@graph":[{"@type":"WebPage","@id":"https:\/\/identi.pl\/nasze-realizacje\/liga-swiatowa-siatkowki\/","url":"https:\/\/identi.pl\/nasze-realizacje\/liga-swiatowa-siatkowki\/","name":"Volleyball World League &bull; IDENTI Accreditation System","isPartOf":{"@id":"https:\/\/identi.pl\/#website"},"datePublished":"2019-07-03T11:19:32+00:00","dateModified":"2020-07-07T15:25:41+00:00","description":"Liga \u015awiatowa Siatk\u00f3wki to wydarzenie w kt\u00f3rym uczestniczymy od 2004 roku. Produkowali\u015bmy identyfikatory w ilo\u015bciach od 400 do 1200 na ka\u017cde z wydarze\u0144.","breadcrumb":{"@id":"https:\/\/identi.pl\/nasze-realizacje\/liga-swiatowa-siatkowki\/#breadcrumb"},"inLanguage":"en-US","potentialAction":[{"@type":"ReadAction","target":["https:\/\/identi.pl\/nasze-realizacje\/liga-swiatowa-siatkowki\/"]}]},{"@type":"BreadcrumbList","@id":"https:\/\/identi.pl\/nasze-realizacje\/liga-swiatowa-siatkowki\/#breadcrumb","itemListElement":[{"@type":"ListItem","position":1,"name":"Home","item":"https:\/\/identi.pl\/"},{"@type":"ListItem","position":2,"name":"Nasze realizacje","item":"https:\/\/identi.pl\/nasze-realizacje\/"},{"@type":"ListItem","position":3,"name":"Liga \u015awiatowa Siatk\u00f3wki"}]},{"@type":"WebSite","@id":"https:\/\/identi.pl\/#website","url":"https:\/\/identi.pl\/","name":"IDENTI Accreditation System","description":"Badges for events, A6 badges with photos, Accreditation Center for mass events; Photo badges production during mass events. Personal data protection of accredited people; GDPR","publisher":{"@id":"https:\/\/identi.pl\/#organization"},"potentialAction":[{"@type":"SearchAction","target":{"@type":"EntryPoint","urlTemplate":"https:\/\/identi.pl\/?s={search_term_string}"},"query-input":"required name=search_term_string"}],"inLanguage":"en-US"},{"@type":"Organization","@id":"https:\/\/identi.pl\/#organization","name":"IDENTI Accreditation System","url":"https:\/\/identi.pl\/","logo":{"@type":"ImageObject","inLanguage":"en-US","@id":"https:\/\/identi.pl\/#\/schema\/logo\/image\/","url":"https:\/\/identi.pl\/wp-content\/uploads\/2019\/07\/Logo-z-opisem.png","contentUrl":"https:\/\/identi.pl\/wp-content\/uploads\/2019\/07\/Logo-z-opisem.png","width":713,"height":368,"caption":"IDENTI Accreditation System"},"image":{"@id":"https:\/\/identi.pl\/#\/schema\/logo\/image\/"},"sameAs":["https:\/\/www.facebook.com\/IdentiPL\/"]}]}},"_links":{"self":[{"href":"https:\/\/identi.pl\/en\/wp-json\/wp\/v2\/pages\/629"}],"collection":[{"href":"https:\/\/identi.pl\/en\/wp-json\/wp\/v2\/pages"}],"about":[{"href":"https:\/\/identi.pl\/en\/wp-json\/wp\/v2\/types\/page"}],"author":[{"embeddable":true,"href":"https:\/\/identi.pl\/en\/wp-json\/wp\/v2\/users\/1"}],"replies":[{"embeddable":true,"href":"https:\/\/identi.pl\/en\/wp-json\/wp\/v2\/comments?post=629"}],"version-history":[{"count":17,"href":"https:\/\/identi.pl\/en\/wp-json\/wp\/v2\/pages\/629\/revisions"}],"predecessor-version":[{"id":1713,"href":"https:\/\/identi.pl\/en\/wp-json\/wp\/v2\/pages\/629\/revisions\/1713"}],"up":[{"embeddable":true,"href":"https:\/\/identi.pl\/en\/wp-json\/wp\/v2\/pages\/9"}],"wp:attachment":[{"href":"https:\/\/identi.pl\/en\/wp-json\/wp\/v2\/media?parent=629"}],"curies":[{"name":"wp","href":"https:\/\/api.w.org\/{rel}","templated":true}]}}