{"id":627,"date":"2019-07-03T13:17:47","date_gmt":"2019-07-03T11:17:47","guid":{"rendered":"https:\/\/identi.pl\/nasze-realizacje\/mistrzostwa-europy-w-pilce-siatkowej\/"},"modified":"2020-07-07T17:38:36","modified_gmt":"2020-07-07T15:38:36","slug":"mistrzostwa-europy-w-pilce-siatkowej","status":"publish","type":"page","link":"https:\/\/identi.pl\/en\/nasze-realizacje\/mistrzostwa-europy-w-pilce-siatkowej\/","title":{"rendered":"Volleyball European Championship"},"content":{"rendered":"\n<div class=\"wp-block-media-text alignwide has-media-on-the-right\" style=\"grid-template-columns:auto 10%\"><figure class=\"wp-block-media-text__media\"><img loading=\"lazy\" width=\"625\" height=\"271\" src=\"https:\/\/identi.pl\/wp-content\/uploads\/2019\/07\/0006GH3N25I59SA1-C123-F41.jpg\" alt=\"Volleyball European Championship 2017\" class=\"wp-image-749\" srcset=\"https:\/\/identi.pl\/wp-content\/uploads\/2019\/07\/0006GH3N25I59SA1-C123-F41.jpg 625w, https:\/\/identi.pl\/wp-content\/uploads\/2019\/07\/0006GH3N25I59SA1-C123-F41-300x130.jpg 300w\" sizes=\"(max-width: 625px) 100vw, 625px\" \/><\/figure><div class=\"wp-block-media-text__content\">\n<p>Volleyball European Championship is an event in which we were able to participate four times already over the last 10 year. <a href=\"http:\/\/lottoeurovolley2017.com\/\">The Championship <\/a>organized in Poland always took place in several cities at the same time. The closing and opening ceremonies were held at the <a href=\"https:\/\/www.pgenarodowy.pl\/\">National Stadium<\/a> in Warsaw.<\/p>\n\n\n\n<p>Thanks to our system we were able to open integrated <a href=\"https:\/\/identi.pl\/en\/#zabudowa\">Accreditation Centers<\/a> in a total of 5 cities at the same time. We introduced division into zones, phases and cities on each badge. The total number of printed badges is about 8000 units per event.<\/p>\n\n\n\n<p>Additonally, we obviously provided our original <a href=\"https:\/\/identi.pl\/en\/system-akredytacyjny\/\">Accreditation System.<\/a><\/p>\n<\/div><\/div>\n\n\nngg_shortcode_0_placeholder","protected":false},"excerpt":{"rendered":"<p>Volleyball European Championship is an event in which we were able to participate four times already over the last 10 year. The Championship organized in Poland always took place in several cities at the same time. The closing and opening ceremonies were held at the National Stadium in Warsaw. Thanks to our system we were [&hellip;]<\/p>\n","protected":false},"author":1,"featured_media":0,"parent":9,"menu_order":0,"comment_status":"closed","ping_status":"closed","template":"","meta":{"ngg_post_thumbnail":0},"translation":{"provider":"WPGlobus","version":"3.0.1","language":"en","enabled_languages":["pl","en"],"languages":{"pl":{"title":true,"content":true,"excerpt":false},"en":{"title":true,"content":true,"excerpt":false}}},"acf":[],"yoast_head":"<!-- This site is optimized with the Yoast SEO plugin v20.6 - https:\/\/yoast.com\/wordpress\/plugins\/seo\/ -->\n<title>Volleyball European Championship &bull; IDENTI Accreditation System<\/title>\n<meta name=\"robots\" content=\"index, follow, max-snippet:-1, max-image-preview:large, max-video-preview:-1\" \/>\n<link rel=\"canonical\" href=\"https:\/\/identi.pl\/nasze-realizacje\/mistrzostwa-europy-w-pilce-siatkowej\/\" \/>\n<meta property=\"og:locale\" content=\"en_US\" \/>\n<meta property=\"og:type\" content=\"article\" \/>\n<meta property=\"og:title\" content=\"Volleyball European Championship &bull; IDENTI Accreditation System\" \/>\n<meta property=\"og:url\" content=\"https:\/\/identi.pl\/nasze-realizacje\/mistrzostwa-europy-w-pilce-siatkowej\/\" \/>\n<meta property=\"og:site_name\" content=\"IDENTI Accreditation System\" \/>\n<meta property=\"article:publisher\" content=\"https:\/\/www.facebook.com\/IdentiPL\/\" \/>\n<meta property=\"article:modified_time\" content=\"2020-07-07T15:38:36+00:00\" \/>\n<meta property=\"og:image\" content=\"https:\/\/identi.pl\/wp-content\/uploads\/2019\/07\/0006GH3N25I59SA1-C123-F41.jpg\" \/>\n<meta name=\"twitter:card\" content=\"summary_large_image\" \/>\n<meta name=\"twitter:label1\" content=\"Est. reading time\" \/>\n\t<meta name=\"twitter:data1\" content=\"1 minute\" \/>\n<script type=\"application\/ld+json\" class=\"yoast-schema-graph\">{\"@context\":\"https:\/\/schema.org\",\"@graph\":[{\"@type\":\"WebPage\",\"@id\":\"https:\/\/identi.pl\/nasze-realizacje\/mistrzostwa-europy-w-pilce-siatkowej\/\",\"url\":\"https:\/\/identi.pl\/nasze-realizacje\/mistrzostwa-europy-w-pilce-siatkowej\/\",\"name\":\"Volleyball European Championship &bull; IDENTI Accreditation System\",\"isPartOf\":{\"@id\":\"https:\/\/identi.pl\/#website\"},\"datePublished\":\"2019-07-03T11:17:47+00:00\",\"dateModified\":\"2020-07-07T15:38:36+00:00\",\"description\":\"Mistrzostwa organizowane w Polsce odbywa\u0142y si\u0119 w kilku miastach jednocze\u015bnie. Ceremonia zako\u0144czenia lub otwarcia by\u0142a na Stadionie Narodowym w Warszawie.\",\"breadcrumb\":{\"@id\":\"https:\/\/identi.pl\/nasze-realizacje\/mistrzostwa-europy-w-pilce-siatkowej\/#breadcrumb\"},\"inLanguage\":\"en-US\",\"potentialAction\":[{\"@type\":\"ReadAction\",\"target\":[\"https:\/\/identi.pl\/nasze-realizacje\/mistrzostwa-europy-w-pilce-siatkowej\/\"]}]},{\"@type\":\"BreadcrumbList\",\"@id\":\"https:\/\/identi.pl\/nasze-realizacje\/mistrzostwa-europy-w-pilce-siatkowej\/#breadcrumb\",\"itemListElement\":[{\"@type\":\"ListItem\",\"position\":1,\"name\":\"Home\",\"item\":\"https:\/\/identi.pl\/\"},{\"@type\":\"ListItem\",\"position\":2,\"name\":\"Nasze realizacje\",\"item\":\"https:\/\/identi.pl\/nasze-realizacje\/\"},{\"@type\":\"ListItem\",\"position\":3,\"name\":\"Mistrzostwa Europy w Pi\u0142ce Siatkowej\"}]},{\"@type\":\"WebSite\",\"@id\":\"https:\/\/identi.pl\/#website\",\"url\":\"https:\/\/identi.pl\/\",\"name\":\"IDENTI Accreditation System\",\"description\":\"Badges for events, A6 badges with photos, Accreditation Center for mass events; Photo badges production during mass events. Personal data protection of accredited people; GDPR\",\"publisher\":{\"@id\":\"https:\/\/identi.pl\/#organization\"},\"potentialAction\":[{\"@type\":\"SearchAction\",\"target\":{\"@type\":\"EntryPoint\",\"urlTemplate\":\"https:\/\/identi.pl\/?s={search_term_string}\"},\"query-input\":\"required name=search_term_string\"}],\"inLanguage\":\"en-US\"},{\"@type\":\"Organization\",\"@id\":\"https:\/\/identi.pl\/#organization\",\"name\":\"IDENTI Accreditation System\",\"url\":\"https:\/\/identi.pl\/\",\"logo\":{\"@type\":\"ImageObject\",\"inLanguage\":\"en-US\",\"@id\":\"https:\/\/identi.pl\/#\/schema\/logo\/image\/\",\"url\":\"https:\/\/identi.pl\/wp-content\/uploads\/2019\/07\/Logo-z-opisem.png\",\"contentUrl\":\"https:\/\/identi.pl\/wp-content\/uploads\/2019\/07\/Logo-z-opisem.png\",\"width\":713,\"height\":368,\"caption\":\"IDENTI Accreditation System\"},\"image\":{\"@id\":\"https:\/\/identi.pl\/#\/schema\/logo\/image\/\"},\"sameAs\":[\"https:\/\/www.facebook.com\/IdentiPL\/\"]}]}<\/script>\n<!-- \/ Yoast SEO plugin. -->","yoast_head_json":{"title":"Volleyball European Championship &bull; IDENTI Accreditation System","robots":{"index":"index","follow":"follow","max-snippet":"max-snippet:-1","max-image-preview":"max-image-preview:large","max-video-preview":"max-video-preview:-1"},"canonical":"https:\/\/identi.pl\/nasze-realizacje\/mistrzostwa-europy-w-pilce-siatkowej\/","og_locale":"en_US","og_type":"article","og_title":"Volleyball European Championship &bull; IDENTI Accreditation System","og_url":"https:\/\/identi.pl\/nasze-realizacje\/mistrzostwa-europy-w-pilce-siatkowej\/","og_site_name":"IDENTI Accreditation System","article_publisher":"https:\/\/www.facebook.com\/IdentiPL\/","article_modified_time":"2020-07-07T15:38:36+00:00","og_image":[{"url":"https:\/\/identi.pl\/wp-content\/uploads\/2019\/07\/0006GH3N25I59SA1-C123-F41.jpg"}],"twitter_card":"summary_large_image","twitter_misc":{"Est. reading time":"1 minute"},"schema":{"@context":"https:\/\/schema.org","@graph":[{"@type":"WebPage","@id":"https:\/\/identi.pl\/nasze-realizacje\/mistrzostwa-europy-w-pilce-siatkowej\/","url":"https:\/\/identi.pl\/nasze-realizacje\/mistrzostwa-europy-w-pilce-siatkowej\/","name":"Volleyball European Championship &bull; IDENTI Accreditation System","isPartOf":{"@id":"https:\/\/identi.pl\/#website"},"datePublished":"2019-07-03T11:17:47+00:00","dateModified":"2020-07-07T15:38:36+00:00","description":"Mistrzostwa organizowane w Polsce odbywa\u0142y si\u0119 w kilku miastach jednocze\u015bnie. Ceremonia zako\u0144czenia lub otwarcia by\u0142a na Stadionie Narodowym w Warszawie.","breadcrumb":{"@id":"https:\/\/identi.pl\/nasze-realizacje\/mistrzostwa-europy-w-pilce-siatkowej\/#breadcrumb"},"inLanguage":"en-US","potentialAction":[{"@type":"ReadAction","target":["https:\/\/identi.pl\/nasze-realizacje\/mistrzostwa-europy-w-pilce-siatkowej\/"]}]},{"@type":"BreadcrumbList","@id":"https:\/\/identi.pl\/nasze-realizacje\/mistrzostwa-europy-w-pilce-siatkowej\/#breadcrumb","itemListElement":[{"@type":"ListItem","position":1,"name":"Home","item":"https:\/\/identi.pl\/"},{"@type":"ListItem","position":2,"name":"Nasze realizacje","item":"https:\/\/identi.pl\/nasze-realizacje\/"},{"@type":"ListItem","position":3,"name":"Mistrzostwa Europy w Pi\u0142ce Siatkowej"}]},{"@type":"WebSite","@id":"https:\/\/identi.pl\/#website","url":"https:\/\/identi.pl\/","name":"IDENTI Accreditation System","description":"Badges for events, A6 badges with photos, Accreditation Center for mass events; Photo badges production during mass events. Personal data protection of accredited people; GDPR","publisher":{"@id":"https:\/\/identi.pl\/#organization"},"potentialAction":[{"@type":"SearchAction","target":{"@type":"EntryPoint","urlTemplate":"https:\/\/identi.pl\/?s={search_term_string}"},"query-input":"required name=search_term_string"}],"inLanguage":"en-US"},{"@type":"Organization","@id":"https:\/\/identi.pl\/#organization","name":"IDENTI Accreditation System","url":"https:\/\/identi.pl\/","logo":{"@type":"ImageObject","inLanguage":"en-US","@id":"https:\/\/identi.pl\/#\/schema\/logo\/image\/","url":"https:\/\/identi.pl\/wp-content\/uploads\/2019\/07\/Logo-z-opisem.png","contentUrl":"https:\/\/identi.pl\/wp-content\/uploads\/2019\/07\/Logo-z-opisem.png","width":713,"height":368,"caption":"IDENTI Accreditation System"},"image":{"@id":"https:\/\/identi.pl\/#\/schema\/logo\/image\/"},"sameAs":["https:\/\/www.facebook.com\/IdentiPL\/"]}]}},"_links":{"self":[{"href":"https:\/\/identi.pl\/en\/wp-json\/wp\/v2\/pages\/627"}],"collection":[{"href":"https:\/\/identi.pl\/en\/wp-json\/wp\/v2\/pages"}],"about":[{"href":"https:\/\/identi.pl\/en\/wp-json\/wp\/v2\/types\/page"}],"author":[{"embeddable":true,"href":"https:\/\/identi.pl\/en\/wp-json\/wp\/v2\/users\/1"}],"replies":[{"embeddable":true,"href":"https:\/\/identi.pl\/en\/wp-json\/wp\/v2\/comments?post=627"}],"version-history":[{"count":13,"href":"https:\/\/identi.pl\/en\/wp-json\/wp\/v2\/pages\/627\/revisions"}],"predecessor-version":[{"id":1719,"href":"https:\/\/identi.pl\/en\/wp-json\/wp\/v2\/pages\/627\/revisions\/1719"}],"up":[{"embeddable":true,"href":"https:\/\/identi.pl\/en\/wp-json\/wp\/v2\/pages\/9"}],"wp:attachment":[{"href":"https:\/\/identi.pl\/en\/wp-json\/wp\/v2\/media?parent=627"}],"curies":[{"name":"wp","href":"https:\/\/api.w.org\/{rel}","templated":true}]}}