{"id":625,"date":"2019-07-03T13:17:00","date_gmt":"2019-07-03T11:17:00","guid":{"rendered":"https:\/\/identi.pl\/nasze-realizacje\/festiwal-disco-pod-zaglami-mragowo\/"},"modified":"2020-07-07T16:46:07","modified_gmt":"2020-07-07T14:46:07","slug":"festiwal-disco-pod-zaglami-mragowo","status":"publish","type":"page","link":"https:\/\/identi.pl\/en\/nasze-realizacje\/festiwal-disco-pod-zaglami-mragowo\/","title":{"rendered":"Disco Pod \u017baglami Festival &#8211; Mr\u0105gowo"},"content":{"rendered":"\n<div class=\"wp-block-media-text alignwide has-media-on-the-right\" style=\"grid-template-columns:auto 10%\"><figure class=\"wp-block-media-text__media\"><img loading=\"lazy\" width=\"424\" height=\"600\" src=\"https:\/\/identi.pl\/wp-content\/uploads\/2019\/07\/1406894903zMLR8GzY27agXLTsRq2S7XjEYewNbp1.jpg\" alt=\"Festiwal Disco Pod \u017baglami - Mr\u0105gowo\" class=\"wp-image-706\" srcset=\"https:\/\/identi.pl\/wp-content\/uploads\/2019\/07\/1406894903zMLR8GzY27agXLTsRq2S7XjEYewNbp1.jpg 424w, https:\/\/identi.pl\/wp-content\/uploads\/2019\/07\/1406894903zMLR8GzY27agXLTsRq2S7XjEYewNbp1-212x300.jpg 212w\" sizes=\"(max-width: 424px) 100vw, 424px\" \/><\/figure><div class=\"wp-block-media-text__content\">\n<p>The Disco Pod \u017baglami Festival, organized by the <a href=\"http:\/\/performance.pl\">Performacne Media Group<\/a>, in which we participated two times. The festival took place at the <a href=\"http:\/\/ckit.mragowo.pl\/pl\/page\/129\/amfiteatr.html\">Mr\u0105gowo Amphitheatre<\/a>. For the 3 days of live performances, we made about 1000 badges. Our team provided a professional <a href=\"https:\/\/identi.pl\/en\/#zabudowa\">Accreditation Center<\/a> and <a href=\"https:\/\/identi.pl\/en\/system-akredytacyjny\/\">Accreditation System<\/a> for the entire event. <\/p>\n<\/div><\/div>\n\n\nngg_shortcode_0_placeholder","protected":false},"excerpt":{"rendered":"<p>The Disco Pod \u017baglami Festival, organized by the Performacne Media Group, in which we participated two times. The festival took place at the Mr\u0105gowo Amphitheatre. For the 3 days of live performances, we made about 1000 badges. Our team provided a professional Accreditation Center and Accreditation System for the entire event.<\/p>\n","protected":false},"author":1,"featured_media":0,"parent":9,"menu_order":0,"comment_status":"closed","ping_status":"closed","template":"","meta":{"ngg_post_thumbnail":0},"translation":{"provider":"WPGlobus","version":"3.0.1","language":"en","enabled_languages":["pl","en"],"languages":{"pl":{"title":true,"content":true,"excerpt":false},"en":{"title":true,"content":true,"excerpt":false}}},"acf":[],"yoast_head":"<!-- This site is optimized with the Yoast SEO plugin v20.6 - https:\/\/yoast.com\/wordpress\/plugins\/seo\/ -->\n<title>Disco Pod \u017baglami Festival - Mr\u0105gowo &bull; IDENTI Accreditation System<\/title>\n<meta name=\"robots\" content=\"index, follow, max-snippet:-1, max-image-preview:large, max-video-preview:-1\" \/>\n<link rel=\"canonical\" href=\"https:\/\/identi.pl\/nasze-realizacje\/festiwal-disco-pod-zaglami-mragowo\/\" \/>\n<meta property=\"og:locale\" content=\"en_US\" \/>\n<meta property=\"og:type\" content=\"article\" \/>\n<meta property=\"og:title\" content=\"Disco Pod \u017baglami Festival - Mr\u0105gowo &bull; IDENTI Accreditation System\" \/>\n<meta property=\"og:url\" content=\"https:\/\/identi.pl\/nasze-realizacje\/festiwal-disco-pod-zaglami-mragowo\/\" \/>\n<meta property=\"og:site_name\" content=\"IDENTI Accreditation System\" \/>\n<meta property=\"article:publisher\" content=\"https:\/\/www.facebook.com\/IdentiPL\/\" \/>\n<meta property=\"article:modified_time\" content=\"2020-07-07T14:46:07+00:00\" \/>\n<meta property=\"og:image\" content=\"https:\/\/identi.pl\/wp-content\/uploads\/2019\/07\/1406894903zMLR8GzY27agXLTsRq2S7XjEYewNbp1.jpg\" \/>\n<meta name=\"twitter:card\" content=\"summary_large_image\" \/>\n<meta name=\"twitter:label1\" content=\"Est. reading time\" \/>\n\t<meta name=\"twitter:data1\" content=\"1 minute\" \/>\n<script type=\"application\/ld+json\" class=\"yoast-schema-graph\">{\"@context\":\"https:\/\/schema.org\",\"@graph\":[{\"@type\":\"WebPage\",\"@id\":\"https:\/\/identi.pl\/nasze-realizacje\/festiwal-disco-pod-zaglami-mragowo\/\",\"url\":\"https:\/\/identi.pl\/nasze-realizacje\/festiwal-disco-pod-zaglami-mragowo\/\",\"name\":\"Disco Pod \u017baglami Festival - Mr\u0105gowo &bull; IDENTI Accreditation System\",\"isPartOf\":{\"@id\":\"https:\/\/identi.pl\/#website\"},\"datePublished\":\"2019-07-03T11:17:00+00:00\",\"dateModified\":\"2020-07-07T14:46:07+00:00\",\"description\":\"Festiwal Disco Pod \u017baglami realizowany w Mr\u0105gowskim amfiteatrze. Wyprodukowali\u015bmy oko\u0142o 1000 identyfikator\u00f3w i zapewnili\u015bmy profesjonalne Biuro Akredytacji.\",\"breadcrumb\":{\"@id\":\"https:\/\/identi.pl\/nasze-realizacje\/festiwal-disco-pod-zaglami-mragowo\/#breadcrumb\"},\"inLanguage\":\"en-US\",\"potentialAction\":[{\"@type\":\"ReadAction\",\"target\":[\"https:\/\/identi.pl\/nasze-realizacje\/festiwal-disco-pod-zaglami-mragowo\/\"]}]},{\"@type\":\"BreadcrumbList\",\"@id\":\"https:\/\/identi.pl\/nasze-realizacje\/festiwal-disco-pod-zaglami-mragowo\/#breadcrumb\",\"itemListElement\":[{\"@type\":\"ListItem\",\"position\":1,\"name\":\"Home\",\"item\":\"https:\/\/identi.pl\/\"},{\"@type\":\"ListItem\",\"position\":2,\"name\":\"Nasze realizacje\",\"item\":\"https:\/\/identi.pl\/nasze-realizacje\/\"},{\"@type\":\"ListItem\",\"position\":3,\"name\":\"Festiwal Disco Pod \u017baglami &#8211; Mr\u0105gowo\"}]},{\"@type\":\"WebSite\",\"@id\":\"https:\/\/identi.pl\/#website\",\"url\":\"https:\/\/identi.pl\/\",\"name\":\"IDENTI Accreditation System\",\"description\":\"Badges for events, A6 badges with photos, Accreditation Center for mass events; Photo badges production during mass events. Personal data protection of accredited people; GDPR\",\"publisher\":{\"@id\":\"https:\/\/identi.pl\/#organization\"},\"potentialAction\":[{\"@type\":\"SearchAction\",\"target\":{\"@type\":\"EntryPoint\",\"urlTemplate\":\"https:\/\/identi.pl\/?s={search_term_string}\"},\"query-input\":\"required name=search_term_string\"}],\"inLanguage\":\"en-US\"},{\"@type\":\"Organization\",\"@id\":\"https:\/\/identi.pl\/#organization\",\"name\":\"IDENTI Accreditation System\",\"url\":\"https:\/\/identi.pl\/\",\"logo\":{\"@type\":\"ImageObject\",\"inLanguage\":\"en-US\",\"@id\":\"https:\/\/identi.pl\/#\/schema\/logo\/image\/\",\"url\":\"https:\/\/identi.pl\/wp-content\/uploads\/2019\/07\/Logo-z-opisem.png\",\"contentUrl\":\"https:\/\/identi.pl\/wp-content\/uploads\/2019\/07\/Logo-z-opisem.png\",\"width\":713,\"height\":368,\"caption\":\"IDENTI Accreditation System\"},\"image\":{\"@id\":\"https:\/\/identi.pl\/#\/schema\/logo\/image\/\"},\"sameAs\":[\"https:\/\/www.facebook.com\/IdentiPL\/\"]}]}<\/script>\n<!-- \/ Yoast SEO plugin. -->","yoast_head_json":{"title":"Disco Pod \u017baglami Festival - Mr\u0105gowo &bull; IDENTI Accreditation System","robots":{"index":"index","follow":"follow","max-snippet":"max-snippet:-1","max-image-preview":"max-image-preview:large","max-video-preview":"max-video-preview:-1"},"canonical":"https:\/\/identi.pl\/nasze-realizacje\/festiwal-disco-pod-zaglami-mragowo\/","og_locale":"en_US","og_type":"article","og_title":"Disco Pod \u017baglami Festival - Mr\u0105gowo &bull; IDENTI Accreditation System","og_url":"https:\/\/identi.pl\/nasze-realizacje\/festiwal-disco-pod-zaglami-mragowo\/","og_site_name":"IDENTI Accreditation System","article_publisher":"https:\/\/www.facebook.com\/IdentiPL\/","article_modified_time":"2020-07-07T14:46:07+00:00","og_image":[{"url":"https:\/\/identi.pl\/wp-content\/uploads\/2019\/07\/1406894903zMLR8GzY27agXLTsRq2S7XjEYewNbp1.jpg"}],"twitter_card":"summary_large_image","twitter_misc":{"Est. reading time":"1 minute"},"schema":{"@context":"https:\/\/schema.org","@graph":[{"@type":"WebPage","@id":"https:\/\/identi.pl\/nasze-realizacje\/festiwal-disco-pod-zaglami-mragowo\/","url":"https:\/\/identi.pl\/nasze-realizacje\/festiwal-disco-pod-zaglami-mragowo\/","name":"Disco Pod \u017baglami Festival - Mr\u0105gowo &bull; IDENTI Accreditation System","isPartOf":{"@id":"https:\/\/identi.pl\/#website"},"datePublished":"2019-07-03T11:17:00+00:00","dateModified":"2020-07-07T14:46:07+00:00","description":"Festiwal Disco Pod \u017baglami realizowany w Mr\u0105gowskim amfiteatrze. Wyprodukowali\u015bmy oko\u0142o 1000 identyfikator\u00f3w i zapewnili\u015bmy profesjonalne Biuro Akredytacji.","breadcrumb":{"@id":"https:\/\/identi.pl\/nasze-realizacje\/festiwal-disco-pod-zaglami-mragowo\/#breadcrumb"},"inLanguage":"en-US","potentialAction":[{"@type":"ReadAction","target":["https:\/\/identi.pl\/nasze-realizacje\/festiwal-disco-pod-zaglami-mragowo\/"]}]},{"@type":"BreadcrumbList","@id":"https:\/\/identi.pl\/nasze-realizacje\/festiwal-disco-pod-zaglami-mragowo\/#breadcrumb","itemListElement":[{"@type":"ListItem","position":1,"name":"Home","item":"https:\/\/identi.pl\/"},{"@type":"ListItem","position":2,"name":"Nasze realizacje","item":"https:\/\/identi.pl\/nasze-realizacje\/"},{"@type":"ListItem","position":3,"name":"Festiwal Disco Pod \u017baglami &#8211; Mr\u0105gowo"}]},{"@type":"WebSite","@id":"https:\/\/identi.pl\/#website","url":"https:\/\/identi.pl\/","name":"IDENTI Accreditation System","description":"Badges for events, A6 badges with photos, Accreditation Center for mass events; Photo badges production during mass events. Personal data protection of accredited people; GDPR","publisher":{"@id":"https:\/\/identi.pl\/#organization"},"potentialAction":[{"@type":"SearchAction","target":{"@type":"EntryPoint","urlTemplate":"https:\/\/identi.pl\/?s={search_term_string}"},"query-input":"required name=search_term_string"}],"inLanguage":"en-US"},{"@type":"Organization","@id":"https:\/\/identi.pl\/#organization","name":"IDENTI Accreditation System","url":"https:\/\/identi.pl\/","logo":{"@type":"ImageObject","inLanguage":"en-US","@id":"https:\/\/identi.pl\/#\/schema\/logo\/image\/","url":"https:\/\/identi.pl\/wp-content\/uploads\/2019\/07\/Logo-z-opisem.png","contentUrl":"https:\/\/identi.pl\/wp-content\/uploads\/2019\/07\/Logo-z-opisem.png","width":713,"height":368,"caption":"IDENTI Accreditation System"},"image":{"@id":"https:\/\/identi.pl\/#\/schema\/logo\/image\/"},"sameAs":["https:\/\/www.facebook.com\/IdentiPL\/"]}]}},"_links":{"self":[{"href":"https:\/\/identi.pl\/en\/wp-json\/wp\/v2\/pages\/625"}],"collection":[{"href":"https:\/\/identi.pl\/en\/wp-json\/wp\/v2\/pages"}],"about":[{"href":"https:\/\/identi.pl\/en\/wp-json\/wp\/v2\/types\/page"}],"author":[{"embeddable":true,"href":"https:\/\/identi.pl\/en\/wp-json\/wp\/v2\/users\/1"}],"replies":[{"embeddable":true,"href":"https:\/\/identi.pl\/en\/wp-json\/wp\/v2\/comments?post=625"}],"version-history":[{"count":12,"href":"https:\/\/identi.pl\/en\/wp-json\/wp\/v2\/pages\/625\/revisions"}],"predecessor-version":[{"id":1703,"href":"https:\/\/identi.pl\/en\/wp-json\/wp\/v2\/pages\/625\/revisions\/1703"}],"up":[{"embeddable":true,"href":"https:\/\/identi.pl\/en\/wp-json\/wp\/v2\/pages\/9"}],"wp:attachment":[{"href":"https:\/\/identi.pl\/en\/wp-json\/wp\/v2\/media?parent=625"}],"curies":[{"name":"wp","href":"https:\/\/api.w.org\/{rel}","templated":true}]}}