{"id":619,"date":"2019-07-03T13:12:10","date_gmt":"2019-07-03T11:12:10","guid":{"rendered":"https:\/\/identi.pl\/memorial-zdzislawa-ambroziaka\/"},"modified":"2020-07-07T17:30:32","modified_gmt":"2020-07-07T15:30:32","slug":"memorial-zdzislawa-ambroziaka","status":"publish","type":"page","link":"https:\/\/identi.pl\/en\/nasze-realizacje\/memorial-zdzislawa-ambroziaka\/","title":{"rendered":"Zdzis\u0142aw Ambroziak Memorial"},"content":{"rendered":"\n<div class=\"wp-block-media-text alignwide has-media-on-the-right\" style=\"grid-template-columns:auto 10%\"><figure class=\"wp-block-media-text__media\"><img loading=\"lazy\" width=\"500\" height=\"330\" src=\"https:\/\/identi.pl\/wp-content\/uploads\/2019\/07\/logo-memorial-zdzislawa-ambroziaka1.jpg\" alt=\"Memoria\u0142 Zdzis\u0142awa Ambroziaka\" class=\"wp-image-744\" srcset=\"https:\/\/identi.pl\/wp-content\/uploads\/2019\/07\/logo-memorial-zdzislawa-ambroziaka1.jpg 500w, https:\/\/identi.pl\/wp-content\/uploads\/2019\/07\/logo-memorial-zdzislawa-ambroziaka1-300x198.jpg 300w\" sizes=\"(max-width: 500px) 100vw, 500px\" \/><\/figure><div class=\"wp-block-media-text__content\">\n<p><a href=\"http:\/\/www.ambroziak.org.pl\/\">Zdzis\u0142aw Ambroziak<\/a> Memorial was an event we&#8217;ve worked at since its very beginnings in 2005.<\/p>\n\n\n\n<p>For the event, we&#8217;ve printed badges with photos. The ID included; first and last name and group with color distinction.  We usually made about 1200 badges in 3 days. At first, the badges were in A7 format, but in later years, it was A6. Additionally, we provided the <a href=\"https:\/\/identi.pl\/en\/#zabudowa\">Accreditation Office<\/a> and, of course, our tailor-made <a href=\"https:\/\/identi.pl\/en\/system-akredytacyjny\/\">Accreditation System.<\/a><\/p>\n<\/div><\/div>\n\n\nngg_shortcode_0_placeholder","protected":false},"excerpt":{"rendered":"<p>Zdzis\u0142aw Ambroziak Memorial was an event we&#8217;ve worked at since its very beginnings in 2005. For the event, we&#8217;ve printed badges with photos. The ID included; first and last name and group with color distinction. We usually made about 1200 badges in 3 days. At first, the badges were in A7 format, but in later [&hellip;]<\/p>\n","protected":false},"author":1,"featured_media":0,"parent":9,"menu_order":0,"comment_status":"closed","ping_status":"closed","template":"","meta":{"ngg_post_thumbnail":0},"translation":{"provider":"WPGlobus","version":"3.0.1","language":"en","enabled_languages":["pl","en"],"languages":{"pl":{"title":true,"content":true,"excerpt":false},"en":{"title":true,"content":true,"excerpt":false}}},"acf":[],"yoast_head":"<!-- This site is optimized with the Yoast SEO plugin v20.6 - https:\/\/yoast.com\/wordpress\/plugins\/seo\/ -->\n<title>Zdzis\u0142aw Ambroziak Memorial &bull; IDENTI Accreditation System<\/title>\n<meta name=\"robots\" content=\"index, follow, max-snippet:-1, max-image-preview:large, max-video-preview:-1\" \/>\n<link rel=\"canonical\" href=\"https:\/\/identi.pl\/nasze-realizacje\/memorial-zdzislawa-ambroziaka\/\" \/>\n<meta property=\"og:locale\" content=\"en_US\" \/>\n<meta property=\"og:type\" content=\"article\" \/>\n<meta property=\"og:title\" content=\"Zdzis\u0142aw Ambroziak Memorial &bull; IDENTI Accreditation System\" \/>\n<meta property=\"og:url\" content=\"https:\/\/identi.pl\/nasze-realizacje\/memorial-zdzislawa-ambroziaka\/\" \/>\n<meta property=\"og:site_name\" content=\"IDENTI Accreditation System\" \/>\n<meta property=\"article:publisher\" content=\"https:\/\/www.facebook.com\/IdentiPL\/\" \/>\n<meta property=\"article:modified_time\" content=\"2020-07-07T15:30:32+00:00\" \/>\n<meta property=\"og:image\" content=\"https:\/\/identi.pl\/wp-content\/uploads\/2019\/07\/logo-memorial-zdzislawa-ambroziaka1.jpg\" \/>\n<meta name=\"twitter:card\" content=\"summary_large_image\" \/>\n<meta name=\"twitter:label1\" content=\"Est. reading time\" \/>\n\t<meta name=\"twitter:data1\" content=\"1 minute\" \/>\n<script type=\"application\/ld+json\" class=\"yoast-schema-graph\">{\"@context\":\"https:\/\/schema.org\",\"@graph\":[{\"@type\":\"WebPage\",\"@id\":\"https:\/\/identi.pl\/nasze-realizacje\/memorial-zdzislawa-ambroziaka\/\",\"url\":\"https:\/\/identi.pl\/nasze-realizacje\/memorial-zdzislawa-ambroziaka\/\",\"name\":\"Zdzis\u0142aw Ambroziak Memorial &bull; IDENTI Accreditation System\",\"isPartOf\":{\"@id\":\"https:\/\/identi.pl\/#website\"},\"datePublished\":\"2019-07-03T11:12:10+00:00\",\"dateModified\":\"2020-07-07T15:30:32+00:00\",\"description\":\"Memoria\u0142 Zdzis\u0142awa Ambroziaka - Identyfikatory ze zdj\u0119ciem. Imi\u0119 i nazwisko oraz grupa z podzia\u0142em na kolory. Oko\u0142o 1200 identyfikator\u00f3w w 3 dni.\",\"breadcrumb\":{\"@id\":\"https:\/\/identi.pl\/nasze-realizacje\/memorial-zdzislawa-ambroziaka\/#breadcrumb\"},\"inLanguage\":\"en-US\",\"potentialAction\":[{\"@type\":\"ReadAction\",\"target\":[\"https:\/\/identi.pl\/nasze-realizacje\/memorial-zdzislawa-ambroziaka\/\"]}]},{\"@type\":\"BreadcrumbList\",\"@id\":\"https:\/\/identi.pl\/nasze-realizacje\/memorial-zdzislawa-ambroziaka\/#breadcrumb\",\"itemListElement\":[{\"@type\":\"ListItem\",\"position\":1,\"name\":\"Home\",\"item\":\"https:\/\/identi.pl\/\"},{\"@type\":\"ListItem\",\"position\":2,\"name\":\"Nasze realizacje\",\"item\":\"https:\/\/identi.pl\/nasze-realizacje\/\"},{\"@type\":\"ListItem\",\"position\":3,\"name\":\"Memoria\u0142 Zdzis\u0142awa Ambroziaka\"}]},{\"@type\":\"WebSite\",\"@id\":\"https:\/\/identi.pl\/#website\",\"url\":\"https:\/\/identi.pl\/\",\"name\":\"IDENTI Accreditation System\",\"description\":\"Badges for events, A6 badges with photos, Accreditation Center for mass events; Photo badges production during mass events. Personal data protection of accredited people; GDPR\",\"publisher\":{\"@id\":\"https:\/\/identi.pl\/#organization\"},\"potentialAction\":[{\"@type\":\"SearchAction\",\"target\":{\"@type\":\"EntryPoint\",\"urlTemplate\":\"https:\/\/identi.pl\/?s={search_term_string}\"},\"query-input\":\"required name=search_term_string\"}],\"inLanguage\":\"en-US\"},{\"@type\":\"Organization\",\"@id\":\"https:\/\/identi.pl\/#organization\",\"name\":\"IDENTI Accreditation System\",\"url\":\"https:\/\/identi.pl\/\",\"logo\":{\"@type\":\"ImageObject\",\"inLanguage\":\"en-US\",\"@id\":\"https:\/\/identi.pl\/#\/schema\/logo\/image\/\",\"url\":\"https:\/\/identi.pl\/wp-content\/uploads\/2019\/07\/Logo-z-opisem.png\",\"contentUrl\":\"https:\/\/identi.pl\/wp-content\/uploads\/2019\/07\/Logo-z-opisem.png\",\"width\":713,\"height\":368,\"caption\":\"IDENTI Accreditation System\"},\"image\":{\"@id\":\"https:\/\/identi.pl\/#\/schema\/logo\/image\/\"},\"sameAs\":[\"https:\/\/www.facebook.com\/IdentiPL\/\"]}]}<\/script>\n<!-- \/ Yoast SEO plugin. -->","yoast_head_json":{"title":"Zdzis\u0142aw Ambroziak Memorial &bull; IDENTI Accreditation System","robots":{"index":"index","follow":"follow","max-snippet":"max-snippet:-1","max-image-preview":"max-image-preview:large","max-video-preview":"max-video-preview:-1"},"canonical":"https:\/\/identi.pl\/nasze-realizacje\/memorial-zdzislawa-ambroziaka\/","og_locale":"en_US","og_type":"article","og_title":"Zdzis\u0142aw Ambroziak Memorial &bull; IDENTI Accreditation System","og_url":"https:\/\/identi.pl\/nasze-realizacje\/memorial-zdzislawa-ambroziaka\/","og_site_name":"IDENTI Accreditation System","article_publisher":"https:\/\/www.facebook.com\/IdentiPL\/","article_modified_time":"2020-07-07T15:30:32+00:00","og_image":[{"url":"https:\/\/identi.pl\/wp-content\/uploads\/2019\/07\/logo-memorial-zdzislawa-ambroziaka1.jpg"}],"twitter_card":"summary_large_image","twitter_misc":{"Est. reading time":"1 minute"},"schema":{"@context":"https:\/\/schema.org","@graph":[{"@type":"WebPage","@id":"https:\/\/identi.pl\/nasze-realizacje\/memorial-zdzislawa-ambroziaka\/","url":"https:\/\/identi.pl\/nasze-realizacje\/memorial-zdzislawa-ambroziaka\/","name":"Zdzis\u0142aw Ambroziak Memorial &bull; IDENTI Accreditation System","isPartOf":{"@id":"https:\/\/identi.pl\/#website"},"datePublished":"2019-07-03T11:12:10+00:00","dateModified":"2020-07-07T15:30:32+00:00","description":"Memoria\u0142 Zdzis\u0142awa Ambroziaka - Identyfikatory ze zdj\u0119ciem. Imi\u0119 i nazwisko oraz grupa z podzia\u0142em na kolory. Oko\u0142o 1200 identyfikator\u00f3w w 3 dni.","breadcrumb":{"@id":"https:\/\/identi.pl\/nasze-realizacje\/memorial-zdzislawa-ambroziaka\/#breadcrumb"},"inLanguage":"en-US","potentialAction":[{"@type":"ReadAction","target":["https:\/\/identi.pl\/nasze-realizacje\/memorial-zdzislawa-ambroziaka\/"]}]},{"@type":"BreadcrumbList","@id":"https:\/\/identi.pl\/nasze-realizacje\/memorial-zdzislawa-ambroziaka\/#breadcrumb","itemListElement":[{"@type":"ListItem","position":1,"name":"Home","item":"https:\/\/identi.pl\/"},{"@type":"ListItem","position":2,"name":"Nasze realizacje","item":"https:\/\/identi.pl\/nasze-realizacje\/"},{"@type":"ListItem","position":3,"name":"Memoria\u0142 Zdzis\u0142awa Ambroziaka"}]},{"@type":"WebSite","@id":"https:\/\/identi.pl\/#website","url":"https:\/\/identi.pl\/","name":"IDENTI Accreditation System","description":"Badges for events, A6 badges with photos, Accreditation Center for mass events; Photo badges production during mass events. Personal data protection of accredited people; GDPR","publisher":{"@id":"https:\/\/identi.pl\/#organization"},"potentialAction":[{"@type":"SearchAction","target":{"@type":"EntryPoint","urlTemplate":"https:\/\/identi.pl\/?s={search_term_string}"},"query-input":"required name=search_term_string"}],"inLanguage":"en-US"},{"@type":"Organization","@id":"https:\/\/identi.pl\/#organization","name":"IDENTI Accreditation System","url":"https:\/\/identi.pl\/","logo":{"@type":"ImageObject","inLanguage":"en-US","@id":"https:\/\/identi.pl\/#\/schema\/logo\/image\/","url":"https:\/\/identi.pl\/wp-content\/uploads\/2019\/07\/Logo-z-opisem.png","contentUrl":"https:\/\/identi.pl\/wp-content\/uploads\/2019\/07\/Logo-z-opisem.png","width":713,"height":368,"caption":"IDENTI Accreditation System"},"image":{"@id":"https:\/\/identi.pl\/#\/schema\/logo\/image\/"},"sameAs":["https:\/\/www.facebook.com\/IdentiPL\/"]}]}},"_links":{"self":[{"href":"https:\/\/identi.pl\/en\/wp-json\/wp\/v2\/pages\/619"}],"collection":[{"href":"https:\/\/identi.pl\/en\/wp-json\/wp\/v2\/pages"}],"about":[{"href":"https:\/\/identi.pl\/en\/wp-json\/wp\/v2\/types\/page"}],"author":[{"embeddable":true,"href":"https:\/\/identi.pl\/en\/wp-json\/wp\/v2\/users\/1"}],"replies":[{"embeddable":true,"href":"https:\/\/identi.pl\/en\/wp-json\/wp\/v2\/comments?post=619"}],"version-history":[{"count":9,"href":"https:\/\/identi.pl\/en\/wp-json\/wp\/v2\/pages\/619\/revisions"}],"predecessor-version":[{"id":1716,"href":"https:\/\/identi.pl\/en\/wp-json\/wp\/v2\/pages\/619\/revisions\/1716"}],"up":[{"embeddable":true,"href":"https:\/\/identi.pl\/en\/wp-json\/wp\/v2\/pages\/9"}],"wp:attachment":[{"href":"https:\/\/identi.pl\/en\/wp-json\/wp\/v2\/media?parent=619"}],"curies":[{"name":"wp","href":"https:\/\/api.w.org\/{rel}","templated":true}]}}