{"id":2173,"date":"2021-05-20T13:06:00","date_gmt":"2021-05-20T11:06:00","guid":{"rendered":"https:\/\/identi.pl\/?page_id=2173"},"modified":"2022-02-27T14:18:43","modified_gmt":"2022-02-27T13:18:43","slug":"przetargi","status":"publish","type":"page","link":"https:\/\/identi.pl\/en\/przetargi\/","title":{"rendered":"OG\u0141OSZENIA"},"content":{"rendered":"\n<p><\/p>\n\n\n\n<div class=\"wp-block-image\"><figure class=\"aligncenter size-large is-resized\"><img loading=\"lazy\" src=\"https:\/\/identi.pl\/wp-content\/uploads\/2021\/05\/logotypy-1024x137.jpg\" alt=\"\" class=\"wp-image-2181\" width=\"768\" height=\"103\" srcset=\"https:\/\/identi.pl\/wp-content\/uploads\/2021\/05\/logotypy-1024x137.jpg 1024w, https:\/\/identi.pl\/wp-content\/uploads\/2021\/05\/logotypy-300x40.jpg 300w, https:\/\/identi.pl\/wp-content\/uploads\/2021\/05\/logotypy-768x103.jpg 768w, https:\/\/identi.pl\/wp-content\/uploads\/2021\/05\/logotypy.jpg 1474w\" sizes=\"(max-width: 768px) 100vw, 768px\" \/><\/figure><\/div>\n\n\n\n<p><strong>Protok\u00f3\u0142 wyboru oferenta<\/strong><\/p>\n\n\n\n<p>W dniu 20.05.2021r. Zamawiaj\u0105cy tj. firma IDENTI Agnieszka Stachowiak dokona\u0142a rozstrzygni\u0119cia konkursu ofert w post\u0119powaniu ofertowym dla projektu pn. \u201e<strong>Stworzenie modelu narz\u0119dzia zautomatyzowanego szparowania i kadrowania zdj\u0119\u0107 w systemie akredytacyjnym<\/strong>\u201d. Wykonawca wy\u0142oniony w post\u0119powaniu : Wy\u017csza Szko\u0142a Gospodarki w Bydgoszczy.<\/p>\n\n\n\n<div class=\"wp-block-file\"><a href=\"https:\/\/identi.pl\/wp-content\/uploads\/2021\/05\/Protokol-Stworzenie-modelu-narzedzia-zautomatyzowanego-szparowania-i-kadrowania-zdjec-w-systemie-akredytacyjnym.pdf\">Protokol-Stworzenie-modelu-narzedzia-zautomatyzowanego-szparowania-i-kadrowania-zdjec-w-systemie-akredytacyjnym<\/a><a href=\"https:\/\/identi.pl\/wp-content\/uploads\/2021\/05\/Protokol-Stworzenie-modelu-narzedzia-zautomatyzowanego-szparowania-i-kadrowania-zdjec-w-systemie-akredytacyjnym.pdf\" class=\"wp-block-file__button\" download>Pobierz<\/a><\/div>\n\n\n\n<hr class=\"wp-block-separator\"\/>\n\n\n\n<p><strong>Protok\u00f3\u0142 wyboru oferenta<\/strong><\/p>\n\n\n\n<div class=\"wp-block-image\"><figure class=\"aligncenter size-large is-resized\"><img loading=\"lazy\" src=\"https:\/\/identi.pl\/wp-content\/uploads\/2021\/05\/logotypy-1024x137.jpg\" alt=\"\" class=\"wp-image-2181\" width=\"768\" height=\"103\" srcset=\"https:\/\/identi.pl\/wp-content\/uploads\/2021\/05\/logotypy-1024x137.jpg 1024w, https:\/\/identi.pl\/wp-content\/uploads\/2021\/05\/logotypy-300x40.jpg 300w, https:\/\/identi.pl\/wp-content\/uploads\/2021\/05\/logotypy-768x103.jpg 768w, https:\/\/identi.pl\/wp-content\/uploads\/2021\/05\/logotypy.jpg 1474w\" sizes=\"(max-width: 768px) 100vw, 768px\" \/><\/figure><\/div>\n\n\n\n<p>W dniu 20.05.2021r. Zamawiaj\u0105cy tj. firma IDENTI Agnieszka Stachowiak dokona\u0142a rozstrzygni\u0119cia konkursu ofert w post\u0119powaniu ofertowym dla projektu pn. \u201eS<strong>tworzenie modelu urz\u0105dzenia stanowi\u0105cego samodzielny, multimedialny punkt kontroli dost\u0119pu na wydarzenia masowe<\/strong>\u201d. Wykonawca wy\u0142oniony w post\u0119powaniu : Wy\u017csza Szko\u0142a Gospodarki w Bydgoszczy. <\/p>\n\n\n\n<div class=\"wp-block-file\"><a href=\"https:\/\/identi.pl\/wp-content\/uploads\/2021\/05\/Protokol-Stworzenie-modelu-urzadzenia-stanowiacego-samodzielny-multimedialny-punkt-kontroli-dostepu-na-wydarzenia.pdf\">Protokol-Stworzenie-modelu-urzadzenia-stanowiacego-samodzielny-multimedialny-punkt-kontroli-dostepu-na-wydarzenia<\/a><a href=\"https:\/\/identi.pl\/wp-content\/uploads\/2021\/05\/Protokol-Stworzenie-modelu-urzadzenia-stanowiacego-samodzielny-multimedialny-punkt-kontroli-dostepu-na-wydarzenia.pdf\" class=\"wp-block-file__button\" download>Pobierz<\/a><\/div>\n\n\n\n<hr class=\"wp-block-separator\"\/>\n\n\n\n<div class=\"wp-block-image\"><figure class=\"aligncenter size-large is-resized\"><img loading=\"lazy\" src=\"https:\/\/identi.pl\/wp-content\/uploads\/2021\/05\/logotypy-1024x137.jpg\" alt=\"\" class=\"wp-image-2181\" width=\"768\" height=\"103\" srcset=\"https:\/\/identi.pl\/wp-content\/uploads\/2021\/05\/logotypy-1024x137.jpg 1024w, https:\/\/identi.pl\/wp-content\/uploads\/2021\/05\/logotypy-300x40.jpg 300w, https:\/\/identi.pl\/wp-content\/uploads\/2021\/05\/logotypy-768x103.jpg 768w, https:\/\/identi.pl\/wp-content\/uploads\/2021\/05\/logotypy.jpg 1474w\" sizes=\"(max-width: 768px) 100vw, 768px\" \/><\/figure><\/div>\n\n\n\n<p>W zwi\u0105zku z realizacj\u0105 przez firm\u0119<strong><em> IDENTI Agnieszka Stachowiak<\/em><\/strong> projektu pn. <strong><em>\u201eStworzenie modelu narz\u0119dzia zautomatyzowanego szparowania i kadrowania zdj\u0119\u0107 w systemie akredytacyjnym\u201d<\/em><\/strong> w projekcie: \u201eFundusz Bada\u0144 i Wdro\u017ce\u0144 \u2013 Voucher Badawczy\u201d, O\u015b priorytetowa 1. Wzmocnienie innowacyjno\u015bci i konkurencyjno\u015bci gospodarki regionu, Dzia\u0142anie 1.2 Promowanie inwestycji przedsi\u0119biorstw w badania i innowacje, Poddzia\u0142anie 1.2.1 Wsparcie proces\u00f3w badawczo-rozwojowych, Regionalny Program Operacyjny Wojew\u00f3dztwa Kujawsko-Pomorskiego na lata 2014-2020, og\u0142aszamy otwarcie post\u0119powania ofertowego.<\/p>\n\n\n\n<p>Wszelkie informacje dotycz\u0105ce zakresu prac, warunk\u00f3w oraz sposobu przygotowania oferty znajduj\u0105 si\u0119 w Zapytaniu ofertowym, opublikowanym poni\u017cej. Dokument ten zawiera r\u00f3wnie\u017c Formularz, kt\u00f3rym nale\u017cy si\u0119 pos\u0142u\u017cy\u0107, je\u017celi wyra\u017caj\u0105 Pa\u0144stwo ch\u0119\u0107 wzi\u0119cia udzia\u0142u w post\u0119powaniu.<\/p>\n\n\n\n<p><strong>Ostateczny termin sk\u0142adania ofert: 19 maj 2021 r.<\/strong><\/p>\n\n\n\n<div class=\"wp-block-file\"><a href=\"https:\/\/identi.pl\/wp-content\/uploads\/2021\/05\/Zapytanie_ofertowe_IDENTI_szparowanie.docx\">Zapytanie_ofertowe_IDENTI_szparowanie<\/a><a href=\"https:\/\/identi.pl\/wp-content\/uploads\/2021\/05\/Zapytanie_ofertowe_IDENTI_szparowanie.docx\" class=\"wp-block-file__button\" download>Pobierz<\/a><\/div>\n\n\n\n<hr class=\"wp-block-separator\"\/>\n\n\n\n<div class=\"wp-block-image\"><figure class=\"aligncenter size-large is-resized\"><img loading=\"lazy\" src=\"https:\/\/identi.pl\/wp-content\/uploads\/2021\/05\/logotypy-1024x137.jpg\" alt=\"\" class=\"wp-image-2181\" width=\"768\" height=\"103\" srcset=\"https:\/\/identi.pl\/wp-content\/uploads\/2021\/05\/logotypy-1024x137.jpg 1024w, https:\/\/identi.pl\/wp-content\/uploads\/2021\/05\/logotypy-300x40.jpg 300w, https:\/\/identi.pl\/wp-content\/uploads\/2021\/05\/logotypy-768x103.jpg 768w, https:\/\/identi.pl\/wp-content\/uploads\/2021\/05\/logotypy.jpg 1474w\" sizes=\"(max-width: 768px) 100vw, 768px\" \/><\/figure><\/div>\n\n\n\n<p>W zwi\u0105zku z realizacj\u0105 przez firm\u0119<strong><em> IDENTI Agnieszka Stachowiak<\/em><\/strong> projektu pn. <em>\u201e<\/em><strong><em>Stworzenie modelu urz\u0105dzenia stanowi\u0105cego samodzielny, multimedialny punkt kontroli dost\u0119pu na wydarzenia masowe<\/em><\/strong><em>\u201d <\/em>&nbsp;w projekcie: \u201eFundusz Bada\u0144 i Wdro\u017ce\u0144 \u2013 Voucher Badawczy\u201d, O\u015b priorytetowa 1. Wzmocnienie innowacyjno\u015bci i konkurencyjno\u015bci gospodarki regionu, Dzia\u0142anie 1.2 Promowanie inwestycji przedsi\u0119biorstw w badania i innowacje, Poddzia\u0142anie 1.2.1 Wsparcie proces\u00f3w badawczo-rozwojowych, Regionalny Program Operacyjny Wojew\u00f3dztwa Kujawsko-Pomorskiego na lata 2014-2020, og\u0142aszamy otwarcie post\u0119powania ofertowego.<\/p>\n\n\n\n<p>Wszelkie informacje dotycz\u0105ce zakresu prac, warunk\u00f3w oraz sposobu przygotowania oferty znajduj\u0105 si\u0119 w Zapytaniu ofertowym, opublikowanym poni\u017cej. Dokument ten zawiera r\u00f3wnie\u017c Formularz, kt\u00f3rym nale\u017cy si\u0119 pos\u0142u\u017cy\u0107, je\u017celi wyra\u017caj\u0105 Pa\u0144stwo ch\u0119\u0107 wzi\u0119cia udzia\u0142u w post\u0119powaniu.<\/p>\n\n\n\n<p><strong>Ostateczny termin sk\u0142adania ofert: 19 maj 2021 r.<\/strong><\/p>\n\n\n\n<div class=\"wp-block-file\"><a href=\"https:\/\/identi.pl\/wp-content\/uploads\/2021\/05\/Zapytanie_ofertowe_IDENTI_SmartCube_docx.docx\">Zapytanie_ofertowe_IDENTI_SmartCube_docx<\/a><a href=\"https:\/\/identi.pl\/wp-content\/uploads\/2021\/05\/Zapytanie_ofertowe_IDENTI_SmartCube_docx.docx\" class=\"wp-block-file__button\" download>Pobierz<\/a><\/div>\n","protected":false},"excerpt":{"rendered":"<p>Protok\u00f3\u0142 wyboru oferenta W dniu 20.05.2021r. Zamawiaj\u0105cy tj. firma IDENTI Agnieszka Stachowiak dokona\u0142a rozstrzygni\u0119cia konkursu ofert w post\u0119powaniu ofertowym dla projektu pn. \u201eStworzenie modelu narz\u0119dzia zautomatyzowanego szparowania i kadrowania zdj\u0119\u0107 w systemie akredytacyjnym\u201d. Wykonawca wy\u0142oniony w post\u0119powaniu : Wy\u017csza Szko\u0142a Gospodarki w Bydgoszczy. Protok\u00f3\u0142 wyboru oferenta W dniu 20.05.2021r. Zamawiaj\u0105cy tj. firma IDENTI Agnieszka Stachowiak [&hellip;]<\/p>\n","protected":false},"author":1,"featured_media":0,"parent":0,"menu_order":0,"comment_status":"closed","ping_status":"closed","template":"","meta":{"ngg_post_thumbnail":0},"translation":{"provider":"WPGlobus","version":"3.0.1","language":"en","enabled_languages":["pl","en"],"languages":{"pl":{"title":true,"content":true,"excerpt":false},"en":{"title":false,"content":false,"excerpt":false}}},"acf":[],"yoast_head":"<!-- This site is optimized with the Yoast SEO plugin v20.6 - https:\/\/yoast.com\/wordpress\/plugins\/seo\/ -->\n<title>OG\u0141OSZENIA &bull; IDENTI Accreditation System<\/title>\n<meta name=\"robots\" content=\"index, follow, max-snippet:-1, max-image-preview:large, max-video-preview:-1\" \/>\n<link rel=\"canonical\" href=\"https:\/\/identi.pl\/przetargi\/\" \/>\n<meta property=\"og:locale\" content=\"en_US\" \/>\n<meta property=\"og:type\" content=\"article\" \/>\n<meta property=\"og:title\" content=\"OG\u0141OSZENIA &bull; IDENTI Accreditation System\" \/>\n<meta property=\"og:url\" content=\"https:\/\/identi.pl\/przetargi\/\" \/>\n<meta property=\"og:site_name\" content=\"IDENTI Accreditation System\" \/>\n<meta property=\"article:publisher\" content=\"https:\/\/www.facebook.com\/IdentiPL\/\" \/>\n<meta property=\"article:modified_time\" content=\"2022-02-27T13:18:43+00:00\" \/>\n<meta property=\"og:image\" content=\"https:\/\/identi.pl\/wp-content\/uploads\/2021\/05\/logotypy-1024x137.jpg\" \/>\n<meta name=\"twitter:card\" content=\"summary_large_image\" \/>\n<meta name=\"twitter:label1\" content=\"Est. reading time\" \/>\n\t<meta name=\"twitter:data1\" content=\"3 minutes\" \/>\n<script type=\"application\/ld+json\" class=\"yoast-schema-graph\">{\"@context\":\"https:\/\/schema.org\",\"@graph\":[{\"@type\":\"WebPage\",\"@id\":\"https:\/\/identi.pl\/przetargi\/\",\"url\":\"https:\/\/identi.pl\/przetargi\/\",\"name\":\"OG\u0141OSZENIA &bull; IDENTI Accreditation System\",\"isPartOf\":{\"@id\":\"https:\/\/identi.pl\/#website\"},\"datePublished\":\"2021-05-20T11:06:00+00:00\",\"dateModified\":\"2022-02-27T13:18:43+00:00\",\"breadcrumb\":{\"@id\":\"https:\/\/identi.pl\/przetargi\/#breadcrumb\"},\"inLanguage\":\"en-US\",\"potentialAction\":[{\"@type\":\"ReadAction\",\"target\":[\"https:\/\/identi.pl\/przetargi\/\"]}]},{\"@type\":\"BreadcrumbList\",\"@id\":\"https:\/\/identi.pl\/przetargi\/#breadcrumb\",\"itemListElement\":[{\"@type\":\"ListItem\",\"position\":1,\"name\":\"Home\",\"item\":\"https:\/\/identi.pl\/\"},{\"@type\":\"ListItem\",\"position\":2,\"name\":\"OG\u0141OSZENIA\"}]},{\"@type\":\"WebSite\",\"@id\":\"https:\/\/identi.pl\/#website\",\"url\":\"https:\/\/identi.pl\/\",\"name\":\"IDENTI Accreditation System\",\"description\":\"Badges for events, A6 badges with photos, Accreditation Center for mass events; Photo badges production during mass events. Personal data protection of accredited people; GDPR\",\"publisher\":{\"@id\":\"https:\/\/identi.pl\/#organization\"},\"potentialAction\":[{\"@type\":\"SearchAction\",\"target\":{\"@type\":\"EntryPoint\",\"urlTemplate\":\"https:\/\/identi.pl\/?s={search_term_string}\"},\"query-input\":\"required name=search_term_string\"}],\"inLanguage\":\"en-US\"},{\"@type\":\"Organization\",\"@id\":\"https:\/\/identi.pl\/#organization\",\"name\":\"IDENTI Accreditation System\",\"url\":\"https:\/\/identi.pl\/\",\"logo\":{\"@type\":\"ImageObject\",\"inLanguage\":\"en-US\",\"@id\":\"https:\/\/identi.pl\/#\/schema\/logo\/image\/\",\"url\":\"https:\/\/identi.pl\/wp-content\/uploads\/2019\/07\/Logo-z-opisem.png\",\"contentUrl\":\"https:\/\/identi.pl\/wp-content\/uploads\/2019\/07\/Logo-z-opisem.png\",\"width\":713,\"height\":368,\"caption\":\"IDENTI Accreditation System\"},\"image\":{\"@id\":\"https:\/\/identi.pl\/#\/schema\/logo\/image\/\"},\"sameAs\":[\"https:\/\/www.facebook.com\/IdentiPL\/\"]}]}<\/script>\n<!-- \/ Yoast SEO plugin. -->","yoast_head_json":{"title":"OG\u0141OSZENIA &bull; IDENTI Accreditation System","robots":{"index":"index","follow":"follow","max-snippet":"max-snippet:-1","max-image-preview":"max-image-preview:large","max-video-preview":"max-video-preview:-1"},"canonical":"https:\/\/identi.pl\/przetargi\/","og_locale":"en_US","og_type":"article","og_title":"OG\u0141OSZENIA &bull; IDENTI Accreditation System","og_url":"https:\/\/identi.pl\/przetargi\/","og_site_name":"IDENTI Accreditation System","article_publisher":"https:\/\/www.facebook.com\/IdentiPL\/","article_modified_time":"2022-02-27T13:18:43+00:00","og_image":[{"url":"https:\/\/identi.pl\/wp-content\/uploads\/2021\/05\/logotypy-1024x137.jpg"}],"twitter_card":"summary_large_image","twitter_misc":{"Est. reading time":"3 minutes"},"schema":{"@context":"https:\/\/schema.org","@graph":[{"@type":"WebPage","@id":"https:\/\/identi.pl\/przetargi\/","url":"https:\/\/identi.pl\/przetargi\/","name":"OG\u0141OSZENIA &bull; IDENTI Accreditation System","isPartOf":{"@id":"https:\/\/identi.pl\/#website"},"datePublished":"2021-05-20T11:06:00+00:00","dateModified":"2022-02-27T13:18:43+00:00","breadcrumb":{"@id":"https:\/\/identi.pl\/przetargi\/#breadcrumb"},"inLanguage":"en-US","potentialAction":[{"@type":"ReadAction","target":["https:\/\/identi.pl\/przetargi\/"]}]},{"@type":"BreadcrumbList","@id":"https:\/\/identi.pl\/przetargi\/#breadcrumb","itemListElement":[{"@type":"ListItem","position":1,"name":"Home","item":"https:\/\/identi.pl\/"},{"@type":"ListItem","position":2,"name":"OG\u0141OSZENIA"}]},{"@type":"WebSite","@id":"https:\/\/identi.pl\/#website","url":"https:\/\/identi.pl\/","name":"IDENTI Accreditation System","description":"Badges for events, A6 badges with photos, Accreditation Center for mass events; Photo badges production during mass events. Personal data protection of accredited people; GDPR","publisher":{"@id":"https:\/\/identi.pl\/#organization"},"potentialAction":[{"@type":"SearchAction","target":{"@type":"EntryPoint","urlTemplate":"https:\/\/identi.pl\/?s={search_term_string}"},"query-input":"required name=search_term_string"}],"inLanguage":"en-US"},{"@type":"Organization","@id":"https:\/\/identi.pl\/#organization","name":"IDENTI Accreditation System","url":"https:\/\/identi.pl\/","logo":{"@type":"ImageObject","inLanguage":"en-US","@id":"https:\/\/identi.pl\/#\/schema\/logo\/image\/","url":"https:\/\/identi.pl\/wp-content\/uploads\/2019\/07\/Logo-z-opisem.png","contentUrl":"https:\/\/identi.pl\/wp-content\/uploads\/2019\/07\/Logo-z-opisem.png","width":713,"height":368,"caption":"IDENTI Accreditation System"},"image":{"@id":"https:\/\/identi.pl\/#\/schema\/logo\/image\/"},"sameAs":["https:\/\/www.facebook.com\/IdentiPL\/"]}]}},"_links":{"self":[{"href":"https:\/\/identi.pl\/en\/wp-json\/wp\/v2\/pages\/2173"}],"collection":[{"href":"https:\/\/identi.pl\/en\/wp-json\/wp\/v2\/pages"}],"about":[{"href":"https:\/\/identi.pl\/en\/wp-json\/wp\/v2\/types\/page"}],"author":[{"embeddable":true,"href":"https:\/\/identi.pl\/en\/wp-json\/wp\/v2\/users\/1"}],"replies":[{"embeddable":true,"href":"https:\/\/identi.pl\/en\/wp-json\/wp\/v2\/comments?post=2173"}],"version-history":[{"count":23,"href":"https:\/\/identi.pl\/en\/wp-json\/wp\/v2\/pages\/2173\/revisions"}],"predecessor-version":[{"id":2341,"href":"https:\/\/identi.pl\/en\/wp-json\/wp\/v2\/pages\/2173\/revisions\/2341"}],"wp:attachment":[{"href":"https:\/\/identi.pl\/en\/wp-json\/wp\/v2\/media?parent=2173"}],"curies":[{"name":"wp","href":"https:\/\/api.w.org\/{rel}","templated":true}]}}