{"id":1173,"date":"2020-01-12T18:35:56","date_gmt":"2020-01-12T17:35:56","guid":{"rendered":"https:\/\/identi.pl\/?page_id=1173"},"modified":"2020-07-07T17:45:35","modified_gmt":"2020-07-07T15:45:35","slug":"sylwester-z-dwojka-zakopane-2019","status":"publish","type":"page","link":"https:\/\/identi.pl\/en\/nasze-realizacje\/sylwester-z-dwojka-zakopane-2019\/","title":{"rendered":"TVP2 New Year&#8217;s Eve \u2013 Zakopane 2019"},"content":{"rendered":"\n<div class=\"wp-block-media-text alignwide has-media-on-the-right\" style=\"grid-template-columns:auto 13%\"><figure class=\"wp-block-media-text__media\"><img loading=\"lazy\" width=\"411\" height=\"356\" src=\"https:\/\/identi.pl\/wp-content\/uploads\/2020\/01\/sylwestertvp20171-e1578845474436.jpg\" alt=\"\" class=\"wp-image-1174\" srcset=\"https:\/\/identi.pl\/wp-content\/uploads\/2020\/01\/sylwestertvp20171-e1578845474436.jpg 411w, https:\/\/identi.pl\/wp-content\/uploads\/2020\/01\/sylwestertvp20171-e1578845474436-300x260.jpg 300w\" sizes=\"(max-width: 411px) 100vw, 411px\" \/><\/figure><div class=\"wp-block-media-text__content\">\n<p><a aria-label=\" (otwiera si\u0119 na nowej zak\u0142adce)\" rel=\"noreferrer noopener\" href=\"http:\/\/www.tvp.pl\/\" target=\"_blank\">The Polish television<\/a> organized once again their <a aria-label=\"Sylwestrowy w Zakopanem (otwiera si\u0119 na nowej zak\u0142adce)\" href=\"https:\/\/sylwester.tvp.pl\/\" target=\"_blank\" rel=\"noreferrer noopener\">New Year&#8217;s Eve concert in Zakopane<\/a> called Sylwester z Dw\u00f3jk\u0105. This time, we also participated in the event&#8217;s organization. We created the Accreditaion Center and printed 1300 badges.<\/p>\n<\/div><\/div>\n\n\nngg_shortcode_0_placeholder","protected":false},"excerpt":{"rendered":"<p>The Polish television organized once again their New Year&#8217;s Eve concert in Zakopane called Sylwester z Dw\u00f3jk\u0105. This time, we also participated in the event&#8217;s organization. We created the Accreditaion Center and printed 1300 badges.<\/p>\n","protected":false},"author":1,"featured_media":0,"parent":9,"menu_order":0,"comment_status":"closed","ping_status":"closed","template":"","meta":{"ngg_post_thumbnail":0},"translation":{"provider":"WPGlobus","version":"3.0.1","language":"en","enabled_languages":["pl","en"],"languages":{"pl":{"title":true,"content":true,"excerpt":false},"en":{"title":true,"content":true,"excerpt":false}}},"acf":[],"yoast_head":"<!-- This site is optimized with the Yoast SEO plugin v20.6 - https:\/\/yoast.com\/wordpress\/plugins\/seo\/ -->\n<title>TVP2 New Year&#039;s Eve \u2013 Zakopane 2019 &bull; IDENTI Accreditation System<\/title>\n<meta name=\"robots\" content=\"index, follow, max-snippet:-1, max-image-preview:large, max-video-preview:-1\" \/>\n<link rel=\"canonical\" href=\"https:\/\/identi.pl\/nasze-realizacje\/sylwester-z-dwojka-zakopane-2019\/\" \/>\n<meta property=\"og:locale\" content=\"en_US\" \/>\n<meta property=\"og:type\" content=\"article\" \/>\n<meta property=\"og:title\" content=\"TVP2 New Year&#039;s Eve \u2013 Zakopane 2019 &bull; IDENTI Accreditation System\" \/>\n<meta property=\"og:url\" content=\"https:\/\/identi.pl\/nasze-realizacje\/sylwester-z-dwojka-zakopane-2019\/\" \/>\n<meta property=\"og:site_name\" content=\"IDENTI Accreditation System\" \/>\n<meta property=\"article:publisher\" content=\"https:\/\/www.facebook.com\/IdentiPL\/\" \/>\n<meta property=\"article:modified_time\" content=\"2020-07-07T15:45:35+00:00\" \/>\n<meta property=\"og:image\" content=\"https:\/\/identi.pl\/wp-content\/uploads\/2020\/01\/sylwestertvp20171-e1578845474436.jpg\" \/>\n<meta name=\"twitter:card\" content=\"summary_large_image\" \/>\n<script type=\"application\/ld+json\" class=\"yoast-schema-graph\">{\"@context\":\"https:\/\/schema.org\",\"@graph\":[{\"@type\":\"WebPage\",\"@id\":\"https:\/\/identi.pl\/nasze-realizacje\/sylwester-z-dwojka-zakopane-2019\/\",\"url\":\"https:\/\/identi.pl\/nasze-realizacje\/sylwester-z-dwojka-zakopane-2019\/\",\"name\":\"TVP2 New Year's Eve \u2013 Zakopane 2019 &bull; IDENTI Accreditation System\",\"isPartOf\":{\"@id\":\"https:\/\/identi.pl\/#website\"},\"datePublished\":\"2020-01-12T17:35:56+00:00\",\"dateModified\":\"2020-07-07T15:45:35+00:00\",\"description\":\"Telewizja Polska po raz kolejny zorganizowa\u0142a Koncert Sylwestrowy w Zakopanem. Stworzyli\u015bmy biuro Akredytacji i wyprodukowali\u015bmy 1300 identyfikator\u00f3w.\",\"breadcrumb\":{\"@id\":\"https:\/\/identi.pl\/nasze-realizacje\/sylwester-z-dwojka-zakopane-2019\/#breadcrumb\"},\"inLanguage\":\"en-US\",\"potentialAction\":[{\"@type\":\"ReadAction\",\"target\":[\"https:\/\/identi.pl\/nasze-realizacje\/sylwester-z-dwojka-zakopane-2019\/\"]}]},{\"@type\":\"BreadcrumbList\",\"@id\":\"https:\/\/identi.pl\/nasze-realizacje\/sylwester-z-dwojka-zakopane-2019\/#breadcrumb\",\"itemListElement\":[{\"@type\":\"ListItem\",\"position\":1,\"name\":\"Home\",\"item\":\"https:\/\/identi.pl\/\"},{\"@type\":\"ListItem\",\"position\":2,\"name\":\"Nasze realizacje\",\"item\":\"https:\/\/identi.pl\/nasze-realizacje\/\"},{\"@type\":\"ListItem\",\"position\":3,\"name\":\"Sylwester z Dw\u00f3jk\u0105 \u2013 Zakopane 2019\"}]},{\"@type\":\"WebSite\",\"@id\":\"https:\/\/identi.pl\/#website\",\"url\":\"https:\/\/identi.pl\/\",\"name\":\"IDENTI Accreditation System\",\"description\":\"Badges for events, A6 badges with photos, Accreditation Center for mass events; Photo badges production during mass events. Personal data protection of accredited people; GDPR\",\"publisher\":{\"@id\":\"https:\/\/identi.pl\/#organization\"},\"potentialAction\":[{\"@type\":\"SearchAction\",\"target\":{\"@type\":\"EntryPoint\",\"urlTemplate\":\"https:\/\/identi.pl\/?s={search_term_string}\"},\"query-input\":\"required name=search_term_string\"}],\"inLanguage\":\"en-US\"},{\"@type\":\"Organization\",\"@id\":\"https:\/\/identi.pl\/#organization\",\"name\":\"IDENTI Accreditation System\",\"url\":\"https:\/\/identi.pl\/\",\"logo\":{\"@type\":\"ImageObject\",\"inLanguage\":\"en-US\",\"@id\":\"https:\/\/identi.pl\/#\/schema\/logo\/image\/\",\"url\":\"https:\/\/identi.pl\/wp-content\/uploads\/2019\/07\/Logo-z-opisem.png\",\"contentUrl\":\"https:\/\/identi.pl\/wp-content\/uploads\/2019\/07\/Logo-z-opisem.png\",\"width\":713,\"height\":368,\"caption\":\"IDENTI Accreditation System\"},\"image\":{\"@id\":\"https:\/\/identi.pl\/#\/schema\/logo\/image\/\"},\"sameAs\":[\"https:\/\/www.facebook.com\/IdentiPL\/\"]}]}<\/script>\n<!-- \/ Yoast SEO plugin. -->","yoast_head_json":{"title":"TVP2 New Year's Eve \u2013 Zakopane 2019 &bull; IDENTI Accreditation System","robots":{"index":"index","follow":"follow","max-snippet":"max-snippet:-1","max-image-preview":"max-image-preview:large","max-video-preview":"max-video-preview:-1"},"canonical":"https:\/\/identi.pl\/nasze-realizacje\/sylwester-z-dwojka-zakopane-2019\/","og_locale":"en_US","og_type":"article","og_title":"TVP2 New Year's Eve \u2013 Zakopane 2019 &bull; IDENTI Accreditation System","og_url":"https:\/\/identi.pl\/nasze-realizacje\/sylwester-z-dwojka-zakopane-2019\/","og_site_name":"IDENTI Accreditation System","article_publisher":"https:\/\/www.facebook.com\/IdentiPL\/","article_modified_time":"2020-07-07T15:45:35+00:00","og_image":[{"url":"https:\/\/identi.pl\/wp-content\/uploads\/2020\/01\/sylwestertvp20171-e1578845474436.jpg"}],"twitter_card":"summary_large_image","schema":{"@context":"https:\/\/schema.org","@graph":[{"@type":"WebPage","@id":"https:\/\/identi.pl\/nasze-realizacje\/sylwester-z-dwojka-zakopane-2019\/","url":"https:\/\/identi.pl\/nasze-realizacje\/sylwester-z-dwojka-zakopane-2019\/","name":"TVP2 New Year's Eve \u2013 Zakopane 2019 &bull; IDENTI Accreditation System","isPartOf":{"@id":"https:\/\/identi.pl\/#website"},"datePublished":"2020-01-12T17:35:56+00:00","dateModified":"2020-07-07T15:45:35+00:00","description":"Telewizja Polska po raz kolejny zorganizowa\u0142a Koncert Sylwestrowy w Zakopanem. Stworzyli\u015bmy biuro Akredytacji i wyprodukowali\u015bmy 1300 identyfikator\u00f3w.","breadcrumb":{"@id":"https:\/\/identi.pl\/nasze-realizacje\/sylwester-z-dwojka-zakopane-2019\/#breadcrumb"},"inLanguage":"en-US","potentialAction":[{"@type":"ReadAction","target":["https:\/\/identi.pl\/nasze-realizacje\/sylwester-z-dwojka-zakopane-2019\/"]}]},{"@type":"BreadcrumbList","@id":"https:\/\/identi.pl\/nasze-realizacje\/sylwester-z-dwojka-zakopane-2019\/#breadcrumb","itemListElement":[{"@type":"ListItem","position":1,"name":"Home","item":"https:\/\/identi.pl\/"},{"@type":"ListItem","position":2,"name":"Nasze realizacje","item":"https:\/\/identi.pl\/nasze-realizacje\/"},{"@type":"ListItem","position":3,"name":"Sylwester z Dw\u00f3jk\u0105 \u2013 Zakopane 2019"}]},{"@type":"WebSite","@id":"https:\/\/identi.pl\/#website","url":"https:\/\/identi.pl\/","name":"IDENTI Accreditation System","description":"Badges for events, A6 badges with photos, Accreditation Center for mass events; Photo badges production during mass events. Personal data protection of accredited people; GDPR","publisher":{"@id":"https:\/\/identi.pl\/#organization"},"potentialAction":[{"@type":"SearchAction","target":{"@type":"EntryPoint","urlTemplate":"https:\/\/identi.pl\/?s={search_term_string}"},"query-input":"required name=search_term_string"}],"inLanguage":"en-US"},{"@type":"Organization","@id":"https:\/\/identi.pl\/#organization","name":"IDENTI Accreditation System","url":"https:\/\/identi.pl\/","logo":{"@type":"ImageObject","inLanguage":"en-US","@id":"https:\/\/identi.pl\/#\/schema\/logo\/image\/","url":"https:\/\/identi.pl\/wp-content\/uploads\/2019\/07\/Logo-z-opisem.png","contentUrl":"https:\/\/identi.pl\/wp-content\/uploads\/2019\/07\/Logo-z-opisem.png","width":713,"height":368,"caption":"IDENTI Accreditation System"},"image":{"@id":"https:\/\/identi.pl\/#\/schema\/logo\/image\/"},"sameAs":["https:\/\/www.facebook.com\/IdentiPL\/"]}]}},"_links":{"self":[{"href":"https:\/\/identi.pl\/en\/wp-json\/wp\/v2\/pages\/1173"}],"collection":[{"href":"https:\/\/identi.pl\/en\/wp-json\/wp\/v2\/pages"}],"about":[{"href":"https:\/\/identi.pl\/en\/wp-json\/wp\/v2\/types\/page"}],"author":[{"embeddable":true,"href":"https:\/\/identi.pl\/en\/wp-json\/wp\/v2\/users\/1"}],"replies":[{"embeddable":true,"href":"https:\/\/identi.pl\/en\/wp-json\/wp\/v2\/comments?post=1173"}],"version-history":[{"count":9,"href":"https:\/\/identi.pl\/en\/wp-json\/wp\/v2\/pages\/1173\/revisions"}],"predecessor-version":[{"id":1726,"href":"https:\/\/identi.pl\/en\/wp-json\/wp\/v2\/pages\/1173\/revisions\/1726"}],"up":[{"embeddable":true,"href":"https:\/\/identi.pl\/en\/wp-json\/wp\/v2\/pages\/9"}],"wp:attachment":[{"href":"https:\/\/identi.pl\/en\/wp-json\/wp\/v2\/media?parent=1173"}],"curies":[{"name":"wp","href":"https:\/\/api.w.org\/{rel}","templated":true}]}}