{"id":1166,"date":"2020-01-12T17:04:11","date_gmt":"2020-01-12T16:04:11","guid":{"rendered":"https:\/\/identi.pl\/?page_id=1166"},"modified":"2020-07-07T18:19:06","modified_gmt":"2020-07-07T16:19:06","slug":"i-am-hardstyle","status":"publish","type":"page","link":"https:\/\/identi.pl\/en\/nasze-realizacje\/i-am-hardstyle\/","title":{"rendered":"I AM HARDSTYLE"},"content":{"rendered":"\n<div class=\"wp-block-media-text alignwide has-media-on-the-right\" style=\"grid-template-columns:auto 13%\"><figure class=\"wp-block-media-text__media\"><img loading=\"lazy\" width=\"563\" height=\"563\" src=\"https:\/\/identi.pl\/wp-content\/uploads\/2020\/01\/15726470_1206883859361092_5723412680050113055_n.jpg\" alt=\"\" class=\"wp-image-1170\" srcset=\"https:\/\/identi.pl\/wp-content\/uploads\/2020\/01\/15726470_1206883859361092_5723412680050113055_n.jpg 563w, https:\/\/identi.pl\/wp-content\/uploads\/2020\/01\/15726470_1206883859361092_5723412680050113055_n-300x300.jpg 300w, https:\/\/identi.pl\/wp-content\/uploads\/2020\/01\/15726470_1206883859361092_5723412680050113055_n-150x150.jpg 150w\" sizes=\"(max-width: 563px) 100vw, 563px\" \/><\/figure><div class=\"wp-block-media-text__content\">\n<p>We also work at small events. At the <a href=\"https:\/\/makis.pl\/\">Atlas Arena<\/a> during   <a href=\"https:\/\/www.iamhardstyle.com\/\">I AM HARDSTYLE<\/a>, we printed badges with photos which were an addition to VIP tickets. The event was organized by <a href=\"http:\/\/www.worldmedia.pl\/\">WoldMedia<\/a>.<\/p>\n<\/div><\/div>\n\n\n<p style=\"text-align: center;\">ngg_shortcode_0_placeholder<\/p>\n\n\n<p><\/p>\n","protected":false},"excerpt":{"rendered":"<p>We also work at small events. At the Atlas Arena during I AM HARDSTYLE, we printed badges with photos which were an addition to VIP tickets. The event was organized by WoldMedia.<\/p>\n","protected":false},"author":1,"featured_media":0,"parent":9,"menu_order":0,"comment_status":"closed","ping_status":"closed","template":"","meta":{"ngg_post_thumbnail":0},"translation":{"provider":"WPGlobus","version":"3.0.1","language":"en","enabled_languages":["pl","en"],"languages":{"pl":{"title":true,"content":true,"excerpt":false},"en":{"title":false,"content":true,"excerpt":false}}},"acf":[],"yoast_head":"<!-- This site is optimized with the Yoast SEO plugin v20.6 - https:\/\/yoast.com\/wordpress\/plugins\/seo\/ -->\n<title>I AM HARDSTYLE &bull; IDENTI Accreditation System<\/title>\n<meta name=\"robots\" content=\"index, follow, max-snippet:-1, max-image-preview:large, max-video-preview:-1\" \/>\n<link rel=\"canonical\" href=\"https:\/\/identi.pl\/nasze-realizacje\/i-am-hardstyle\/\" \/>\n<meta property=\"og:locale\" content=\"en_US\" \/>\n<meta property=\"og:type\" content=\"article\" \/>\n<meta property=\"og:title\" content=\"I AM HARDSTYLE &bull; IDENTI Accreditation System\" \/>\n<meta property=\"og:url\" content=\"https:\/\/identi.pl\/nasze-realizacje\/i-am-hardstyle\/\" \/>\n<meta property=\"og:site_name\" content=\"IDENTI Accreditation System\" \/>\n<meta property=\"article:publisher\" content=\"https:\/\/www.facebook.com\/IdentiPL\/\" \/>\n<meta property=\"article:modified_time\" content=\"2020-07-07T16:19:06+00:00\" \/>\n<meta property=\"og:image\" content=\"https:\/\/identi.pl\/wp-content\/uploads\/2020\/01\/15726470_1206883859361092_5723412680050113055_n.jpg\" \/>\n<meta name=\"twitter:card\" content=\"summary_large_image\" \/>\n<script type=\"application\/ld+json\" class=\"yoast-schema-graph\">{\"@context\":\"https:\/\/schema.org\",\"@graph\":[{\"@type\":\"WebPage\",\"@id\":\"https:\/\/identi.pl\/nasze-realizacje\/i-am-hardstyle\/\",\"url\":\"https:\/\/identi.pl\/nasze-realizacje\/i-am-hardstyle\/\",\"name\":\"I AM HARDSTYLE &bull; IDENTI Accreditation System\",\"isPartOf\":{\"@id\":\"https:\/\/identi.pl\/#website\"},\"datePublished\":\"2020-01-12T16:04:11+00:00\",\"dateModified\":\"2020-07-07T16:19:06+00:00\",\"description\":\"W Atlas Arenie podczas I AM HARDSTYLE produkowali\u015bmy identyfikatory ze zdj\u0119ciem, kt\u00f3re by\u0142y dodatkiem do biletu VIP. Wydarzenie organizowane przez WoldMedia\",\"breadcrumb\":{\"@id\":\"https:\/\/identi.pl\/nasze-realizacje\/i-am-hardstyle\/#breadcrumb\"},\"inLanguage\":\"en-US\",\"potentialAction\":[{\"@type\":\"ReadAction\",\"target\":[\"https:\/\/identi.pl\/nasze-realizacje\/i-am-hardstyle\/\"]}]},{\"@type\":\"BreadcrumbList\",\"@id\":\"https:\/\/identi.pl\/nasze-realizacje\/i-am-hardstyle\/#breadcrumb\",\"itemListElement\":[{\"@type\":\"ListItem\",\"position\":1,\"name\":\"Home\",\"item\":\"https:\/\/identi.pl\/\"},{\"@type\":\"ListItem\",\"position\":2,\"name\":\"Nasze realizacje\",\"item\":\"https:\/\/identi.pl\/nasze-realizacje\/\"},{\"@type\":\"ListItem\",\"position\":3,\"name\":\"I AM HARDSTYLE\"}]},{\"@type\":\"WebSite\",\"@id\":\"https:\/\/identi.pl\/#website\",\"url\":\"https:\/\/identi.pl\/\",\"name\":\"IDENTI Accreditation System\",\"description\":\"Badges for events, A6 badges with photos, Accreditation Center for mass events; Photo badges production during mass events. Personal data protection of accredited people; GDPR\",\"publisher\":{\"@id\":\"https:\/\/identi.pl\/#organization\"},\"potentialAction\":[{\"@type\":\"SearchAction\",\"target\":{\"@type\":\"EntryPoint\",\"urlTemplate\":\"https:\/\/identi.pl\/?s={search_term_string}\"},\"query-input\":\"required name=search_term_string\"}],\"inLanguage\":\"en-US\"},{\"@type\":\"Organization\",\"@id\":\"https:\/\/identi.pl\/#organization\",\"name\":\"IDENTI Accreditation System\",\"url\":\"https:\/\/identi.pl\/\",\"logo\":{\"@type\":\"ImageObject\",\"inLanguage\":\"en-US\",\"@id\":\"https:\/\/identi.pl\/#\/schema\/logo\/image\/\",\"url\":\"https:\/\/identi.pl\/wp-content\/uploads\/2019\/07\/Logo-z-opisem.png\",\"contentUrl\":\"https:\/\/identi.pl\/wp-content\/uploads\/2019\/07\/Logo-z-opisem.png\",\"width\":713,\"height\":368,\"caption\":\"IDENTI Accreditation System\"},\"image\":{\"@id\":\"https:\/\/identi.pl\/#\/schema\/logo\/image\/\"},\"sameAs\":[\"https:\/\/www.facebook.com\/IdentiPL\/\"]}]}<\/script>\n<!-- \/ Yoast SEO plugin. -->","yoast_head_json":{"title":"I AM HARDSTYLE &bull; IDENTI Accreditation System","robots":{"index":"index","follow":"follow","max-snippet":"max-snippet:-1","max-image-preview":"max-image-preview:large","max-video-preview":"max-video-preview:-1"},"canonical":"https:\/\/identi.pl\/nasze-realizacje\/i-am-hardstyle\/","og_locale":"en_US","og_type":"article","og_title":"I AM HARDSTYLE &bull; IDENTI Accreditation System","og_url":"https:\/\/identi.pl\/nasze-realizacje\/i-am-hardstyle\/","og_site_name":"IDENTI Accreditation System","article_publisher":"https:\/\/www.facebook.com\/IdentiPL\/","article_modified_time":"2020-07-07T16:19:06+00:00","og_image":[{"url":"https:\/\/identi.pl\/wp-content\/uploads\/2020\/01\/15726470_1206883859361092_5723412680050113055_n.jpg"}],"twitter_card":"summary_large_image","schema":{"@context":"https:\/\/schema.org","@graph":[{"@type":"WebPage","@id":"https:\/\/identi.pl\/nasze-realizacje\/i-am-hardstyle\/","url":"https:\/\/identi.pl\/nasze-realizacje\/i-am-hardstyle\/","name":"I AM HARDSTYLE &bull; IDENTI Accreditation System","isPartOf":{"@id":"https:\/\/identi.pl\/#website"},"datePublished":"2020-01-12T16:04:11+00:00","dateModified":"2020-07-07T16:19:06+00:00","description":"W Atlas Arenie podczas I AM HARDSTYLE produkowali\u015bmy identyfikatory ze zdj\u0119ciem, kt\u00f3re by\u0142y dodatkiem do biletu VIP. Wydarzenie organizowane przez WoldMedia","breadcrumb":{"@id":"https:\/\/identi.pl\/nasze-realizacje\/i-am-hardstyle\/#breadcrumb"},"inLanguage":"en-US","potentialAction":[{"@type":"ReadAction","target":["https:\/\/identi.pl\/nasze-realizacje\/i-am-hardstyle\/"]}]},{"@type":"BreadcrumbList","@id":"https:\/\/identi.pl\/nasze-realizacje\/i-am-hardstyle\/#breadcrumb","itemListElement":[{"@type":"ListItem","position":1,"name":"Home","item":"https:\/\/identi.pl\/"},{"@type":"ListItem","position":2,"name":"Nasze realizacje","item":"https:\/\/identi.pl\/nasze-realizacje\/"},{"@type":"ListItem","position":3,"name":"I AM HARDSTYLE"}]},{"@type":"WebSite","@id":"https:\/\/identi.pl\/#website","url":"https:\/\/identi.pl\/","name":"IDENTI Accreditation System","description":"Badges for events, A6 badges with photos, Accreditation Center for mass events; Photo badges production during mass events. Personal data protection of accredited people; GDPR","publisher":{"@id":"https:\/\/identi.pl\/#organization"},"potentialAction":[{"@type":"SearchAction","target":{"@type":"EntryPoint","urlTemplate":"https:\/\/identi.pl\/?s={search_term_string}"},"query-input":"required name=search_term_string"}],"inLanguage":"en-US"},{"@type":"Organization","@id":"https:\/\/identi.pl\/#organization","name":"IDENTI Accreditation System","url":"https:\/\/identi.pl\/","logo":{"@type":"ImageObject","inLanguage":"en-US","@id":"https:\/\/identi.pl\/#\/schema\/logo\/image\/","url":"https:\/\/identi.pl\/wp-content\/uploads\/2019\/07\/Logo-z-opisem.png","contentUrl":"https:\/\/identi.pl\/wp-content\/uploads\/2019\/07\/Logo-z-opisem.png","width":713,"height":368,"caption":"IDENTI Accreditation System"},"image":{"@id":"https:\/\/identi.pl\/#\/schema\/logo\/image\/"},"sameAs":["https:\/\/www.facebook.com\/IdentiPL\/"]}]}},"_links":{"self":[{"href":"https:\/\/identi.pl\/en\/wp-json\/wp\/v2\/pages\/1166"}],"collection":[{"href":"https:\/\/identi.pl\/en\/wp-json\/wp\/v2\/pages"}],"about":[{"href":"https:\/\/identi.pl\/en\/wp-json\/wp\/v2\/types\/page"}],"author":[{"embeddable":true,"href":"https:\/\/identi.pl\/en\/wp-json\/wp\/v2\/users\/1"}],"replies":[{"embeddable":true,"href":"https:\/\/identi.pl\/en\/wp-json\/wp\/v2\/comments?post=1166"}],"version-history":[{"count":5,"href":"https:\/\/identi.pl\/en\/wp-json\/wp\/v2\/pages\/1166\/revisions"}],"predecessor-version":[{"id":1743,"href":"https:\/\/identi.pl\/en\/wp-json\/wp\/v2\/pages\/1166\/revisions\/1743"}],"up":[{"embeddable":true,"href":"https:\/\/identi.pl\/en\/wp-json\/wp\/v2\/pages\/9"}],"wp:attachment":[{"href":"https:\/\/identi.pl\/en\/wp-json\/wp\/v2\/media?parent=1166"}],"curies":[{"name":"wp","href":"https:\/\/api.w.org\/{rel}","templated":true}]}}